{"id":1125,"date":"2024-12-12T15:33:24","date_gmt":"2024-12-12T15:33:24","guid":{"rendered":"https:\/\/www.propertypro.pl\/posrednictwo\/about\/"},"modified":"2025-09-09T14:06:44","modified_gmt":"2025-09-09T14:06:44","slug":"o_nas","status":"publish","type":"page","link":"https:\/\/www.propertypro.pl\/posrednictwo\/o_nas\/","title":{"rendered":"O nas"},"content":{"rendered":"\n<div class=\"wp-block-uagb-container uagb-block-4902463a alignfull uagb-is-root-container\"><div class=\"uagb-container-inner-blocks-wrap\">\n<div class=\"wp-block-uagb-advanced-heading uagb-block-a651693a\"><div class=\"uagb-separator\"><\/div><h1 class=\"uagb-heading-text\">Profesjonalne wsparcie w sprzeda\u017cy i zakupie nieruchomo\u015bci w \u0141odzi<\/h1><\/div>\n<\/div><\/div>\n\n\n\n<div class=\"wp-block-uagb-container uagb-block-10c39542 alignfull uagb-is-root-container\"><div class=\"uagb-container-inner-blocks-wrap\">\n<div class=\"wp-block-uagb-container uagb-block-0987b86f alignfull uagb-is-root-container\"><div class=\"uagb-container-inner-blocks-wrap\">\n<div class=\"wp-block-uagb-advanced-heading uagb-block-aa35732e\"><div class=\"uagb-separator\"><\/div><h2 class=\"uagb-heading-text\">&#8211; PropertyPro &#8211;<br>Tw\u00f3j zaufany partner w nieruchomo\u015bciach<\/h2><\/div>\n\n\n\n<div class=\"wp-block-uagb-advanced-heading uagb-block-a57423e9\"><p class=\"uagb-heading-text\">PropertyPro to marka \u0142\u0105cz\u0105ca dwa filary us\u0142ug: po\u015brednictwo w sprzeda\u017cy i zakupie nieruchomo\u015bci oraz zarz\u0105dzanie najmem mieszka\u0144. Od 2008 roku, jako profesjonalny po\u015brednik w nieruchomo\u015bciach, pomagamy naszym klientom przej\u015b\u0107 przez proces sprzeda\u017cy lub zakupu mieszkania w spos\u00f3b bezpieczny, przemy\u015blany i skuteczny. Dlatego zaufa\u0142o nam ju\u017c wielu w\u0142a\u015bcicieli mieszka\u0144 oraz os\u00f3b, kt\u00f3re kupi\u0142y mieszkanie dla siebie lub pod wynajem.<\/p><p class=\"uagb-desc-text\">Dzia\u0142amy lokalnie \u2013 znamy rynek \u0142\u00f3dzki, jego specyfik\u0119 i zmieniaj\u0105ce si\u0119 potrzeby klient\u00f3w, dzi\u0119ki temu wiemy, jak doradzi\u0107, wynegocjowa\u0107 i przeprowadzi\u0107 ka\u017cd\u0105 transakcj\u0119 z korzy\u015bci\u0105 dla obu stron. <\/p><\/div>\n<\/div><\/div>\n\n\n\n<div class=\"wp-block-uagb-image aligncenter uagb-block-a5f8f61f wp-block-uagb-image--layout-default wp-block-uagb-image--effect-static wp-block-uagb-image--align-center\"><figure class=\"wp-block-uagb-image__figure\"><img decoding=\"async\" srcset=\"https:\/\/www.propertypro.pl\/posrednictwo\/wp-content\/uploads\/2024\/12\/pexels-photo-3778673.jpeg ,https:\/\/www.propertypro.pl\/posrednictwo\/wp-content\/uploads\/2024\/12\/pexels-photo-3778673.jpeg 780w, https:\/\/www.propertypro.pl\/posrednictwo\/wp-content\/uploads\/2024\/12\/pexels-photo-3778673.jpeg 360w\" sizes=\"auto, (max-width: 480px) 150px\" src=\"https:\/\/www.propertypro.pl\/posrednictwo\/wp-content\/uploads\/2024\/12\/pexels-photo-3778673.jpeg\" alt=\"\" class=\"uag-image-14\" width=\"1200\" height=\"500\" title=\"about-img\" loading=\"lazy\" role=\"img\"\/><\/figure><\/div>\n<\/div><\/div>\n\n\n\n<div class=\"wp-block-uagb-container uagb-block-3b46b7c5 alignfull uagb-is-root-container\"><div class=\"uagb-container-inner-blocks-wrap\">\n<div class=\"wp-block-uagb-advanced-heading uagb-block-26e4386e\"><div class=\"uagb-separator\"><\/div><h2 class=\"uagb-heading-text\">Nasza misja<\/h2><p class=\"uagb-desc-text\">Nasz\u0105 misj\u0105 jest zapewnienie klientom bezpiecze\u0144stwa i spokoju w podejmowaniu decyzji zwi\u0105zanych z nieruchomo\u015bciami. Dzi\u0119ki wiedzy i do\u015bwiadczeniu wspieramy ich na ka\u017cdym etapie \u2013 od pierwszego kontaktu po finalizacj\u0119 spraw i d\u0142ugofalow\u0105 opiek\u0119.<\/p><\/div>\n\n\n\n<div class=\"wp-block-uagb-advanced-heading uagb-block-57ce3c5c\"><div class=\"uagb-separator\"><\/div><h2 class=\"uagb-heading-text\">Nasze warto\u015bci<\/h2><p class=\"uagb-desc-text\">W PropertyPro kierujemy si\u0119 uczciwo\u015bci\u0105, profesjonalizmem i zaanga\u017cowaniem. Ka\u017cdego dnia d\u0105\u017cymy do \u015bwiadczenia us\u0142ug na najwy\u017cszym poziomie. Budujemy d\u0142ugotrwa\u0142e relacje z klientami oparte na uczciwo\u015bci i rzetelno\u015bci.<\/p><\/div>\n\n\n\n<div class=\"wp-block-uagb-advanced-heading uagb-block-e454bd3d\"><div class=\"uagb-separator\"><\/div><h2 class=\"uagb-heading-text\">Nasza wizja<\/h2><p class=\"uagb-desc-text\">Chcemy by\u0107 liderem w bran\u017cy nieruchomo\u015bci w \u0141odzi, tworz\u0105c innowacyjne rozwi\u0105zania oraz dostosowuj\u0105c nasze us\u0142ugi do zmieniaj\u0105cych si\u0119 potrzeb klient\u00f3w. Wspieramy ich w podejmowaniu trafnych decyzji, minimalizuj\u0105c jednocze\u015bnie ich zaanga\u017cowanie czasowe.<\/p><\/div>\n<\/div><\/div>\n\n\n\n<div class=\"wp-block-uagb-container uagb-block-2d1e4144 alignfull uagb-is-root-container\"><div class=\"uagb-container-inner-blocks-wrap\">\n<div class=\"wp-block-uagb-image uagb-block-d8782e7d wp-block-uagb-image--layout-default wp-block-uagb-image--effect-static wp-block-uagb-image--align-none\"><figure class=\"wp-block-uagb-image__figure\"><img decoding=\"async\" srcset=\"https:\/\/www.propertypro.pl\/posrednictwo\/wp-content\/uploads\/2024\/12\/pexels-photo-7792837.jpeg ,https:\/\/www.propertypro.pl\/posrednictwo\/wp-content\/uploads\/2024\/12\/pexels-photo-7792837.jpeg 780w, https:\/\/www.propertypro.pl\/posrednictwo\/wp-content\/uploads\/2024\/12\/pexels-photo-7792837.jpeg 360w\" sizes=\"auto, (max-width: 480px) 150px\" src=\"https:\/\/www.propertypro.pl\/posrednictwo\/wp-content\/uploads\/2024\/12\/pexels-photo-7792837.jpeg\" alt=\"\" class=\"uag-image-15\" width=\"560\" height=\"450\" title=\"about-story\" loading=\"lazy\" role=\"img\"\/><\/figure><\/div>\n\n\n\n<div class=\"wp-block-uagb-info-box uagb-block-c931f114 uagb-infobox__content-wrap  uagb-infobox-icon-above-title uagb-infobox-image-valign-top wp-block-uagb-info-box--has-margin\"><div class=\"uagb-infobox-margin-wrapper\"><div class=\"uagb-ifb-content\"><div class=\"uagb-ifb-title-wrap\"><div class=\"uagb-ifb-separator\"><\/div><h2 class=\"uagb-ifb-title\">Dlaczego klienci nas wybieraj\u0105?<\/h2><\/div><p class=\"uagb-ifb-desc\">Dlatego, \u017ce s\u0142uchamy. Ka\u017cdy klient ma inne potrzeby, cele i w\u0105tpliwo\u015bci \u2013 a naszym zadaniem jest je zrozumie\u0107 i znale\u017a\u0107 najlepsze rozwi\u0105zanie. Niezale\u017cnie od tego, czy sprzedajesz swoje pierwsze mieszkanie, czy szukasz lokalu na lata \u2013 jeste\u015bmy po to, by wesprze\u0107 Ci\u0119 na ka\u017cdym etapie.<br><br>Nasze do\u015bwiadczenie to nie tylko praktyka, ale tak\u017ce aktywne zaanga\u017cowanie w rozw\u00f3j rynku nieruchomo\u015bci. Jeste\u015bmy cz\u0142onkami Og\u00f3lnopolskiego Klubu Inwestor\u00f3w Edukacji Inwestowania w Nieruchomo\u015bci Piotra Hryniewicza oraz Stowarzyszenia \u201eMieszkanicznik\u201d. Dzi\u0119ki temu stale wymieniamy si\u0119 wiedz\u0105 i najlepszymi praktykami, kt\u00f3re wykorzystujemy w naszej pracy.<br><br>Pracujemy rzetelnie, przejrzy\u015bcie i z pe\u0142nym zaanga\u017cowaniem. Prowadzimy negocjacje, pomagamy w formalno\u015bciach i s\u0142u\u017cymy rad\u0105 w sprawach finansowania. Dzi\u0119ki temu z nami klienci czuj\u0105 si\u0119 spokojni \u2013 wiedz\u0105, \u017ce maj\u0105 po swojej stronie do\u015bwiadczonego partnera.<\/p><\/div><\/div><\/div>\n<\/div><\/div>\n\n\n\n<div class=\"wp-block-uagb-container uagb-block-c4946e67 alignfull uagb-is-root-container\"><div class=\"uagb-container-inner-blocks-wrap\">\n<div class=\"wp-block-uagb-info-box uagb-block-000e3f8d uagb-infobox__content-wrap  uagb-infobox-icon-above-title uagb-infobox-image-valign-top wp-block-uagb-info-box--has-margin\"><div class=\"uagb-infobox-margin-wrapper\"><div class=\"uagb-ifb-content\"><div class=\"uagb-ifb-title-wrap\"><div class=\"uagb-ifb-separator\"><\/div><h2 class=\"uagb-ifb-title\">Nieustannie podnosimy jako\u015b\u0107 naszych us\u0142ug<\/h2><\/div><p class=\"uagb-ifb-desc\">Nasze zaanga\u017cowanie i standardy pracy zosta\u0142y docenione przez niezale\u017cne instytucje. Otrzymali\u015bmy certyfikat \u201e<strong>Z\u0142ota Firma<\/strong>\u201d, kt\u00f3ry potwierdza nasz\u0105 wiarygodno\u015b\u0107, transparentno\u015b\u0107 i dba\u0142o\u015b\u0107 o najwy\u017csz\u0105 jako\u015b\u0107 obs\u0142ugi klient\u00f3w. <br><br>Jednocze\u015bnie uczestniczymy w programie \u201e<strong>Coraz Lepsza Firma<\/strong>\u201d, dzi\u0119ki kt\u00f3remu systematycznie doskonalimy nasze kompetencje, wdra\u017camy sprawdzone rozwi\u0105zania i stale podnosimy poziom \u015bwiadczonych us\u0142ug. <br><br>Jako cz\u0142onek stowarzyszenia &#8222;<strong>Mieszkanicznik<\/strong>&#8221; dzia\u0142amy zgodnie z najlepszymi standardami obs\u0142ugi klient\u00f3w.<br><br>To dla nas zobowi\u0105zanie, aby ka\u017cdego dnia dzia\u0142a\u0107 z jeszcze wi\u0119ksz\u0105 staranno\u015bci\u0105 i zapewnia\u0107 naszym klientom obs\u0142ug\u0119 na najwy\u017cszym poziomie.<\/p><\/div><\/div><\/div>\n\n\n\n<div class=\"wp-block-uagb-container uagb-block-397bedca default uagb-is-root-container\">\n<div class=\"wp-block-uagb-image aligncenter uagb-block-0f2e5d8d wp-block-uagb-image--layout-default wp-block-uagb-image--effect-static wp-block-uagb-image--align-center\"><figure class=\"wp-block-uagb-image__figure\"><img decoding=\"async\" srcset=\"https:\/\/www.propertypro.pl\/zarzadzanie\/wp-content\/uploads\/2025\/09\/zlota-firma-2025-dark-1000x144-1.jpg ,https:\/\/www.propertypro.pl\/zarzadzanie\/wp-content\/uploads\/2025\/09\/zlota-firma-2025-dark-1000x144-1.jpg 780w, https:\/\/www.propertypro.pl\/zarzadzanie\/wp-content\/uploads\/2025\/09\/zlota-firma-2025-dark-1000x144-1.jpg 360w\" sizes=\"auto, (max-width: 480px) 150px\" src=\"https:\/\/www.propertypro.pl\/zarzadzanie\/wp-content\/uploads\/2025\/09\/zlota-firma-2025-dark-1000x144-1.jpg\" alt=\"Logotyp Z\u0142ota Firma\" class=\"uag-image-1834\" width=\"560\" height=\"500\" title=\"zlota-firma-2025-dark-1000x144\" loading=\"lazy\" role=\"img\"\/><\/figure><\/div>\n\n\n\n<div class=\"wp-block-uagb-image uagb-block-b0d14bdf wp-block-uagb-image--layout-default wp-block-uagb-image--effect-static wp-block-uagb-image--align-none\"><figure class=\"wp-block-uagb-image__figure\"><img decoding=\"async\" srcset=\"https:\/\/www.propertypro.pl\/zarzadzanie\/wp-content\/uploads\/2025\/09\/clf_program_rozwoju_znak_naklejka_95mm_3mm_spady_300dpi_CMYK_01_bialy-1024x1024.png ,https:\/\/www.propertypro.pl\/zarzadzanie\/wp-content\/uploads\/2025\/09\/clf_program_rozwoju_znak_naklejka_95mm_3mm_spady_300dpi_CMYK_01_bialy.png 780w, https:\/\/www.propertypro.pl\/zarzadzanie\/wp-content\/uploads\/2025\/09\/clf_program_rozwoju_znak_naklejka_95mm_3mm_spady_300dpi_CMYK_01_bialy.png 360w\" sizes=\"auto, (max-width: 480px) 150px\" src=\"https:\/\/www.propertypro.pl\/zarzadzanie\/wp-content\/uploads\/2025\/09\/clf_program_rozwoju_znak_naklejka_95mm_3mm_spady_300dpi_CMYK_01_bialy-1024x1024.png\" alt=\"\" class=\"uag-image-1836\" width=\"560\" height=\"500\" title=\"clf_program_rozwoju_znak_naklejka_95mm_3mm_spady_300dpi_CMYK_01_bialy\" loading=\"lazy\" role=\"img\"\/><\/figure><\/div>\n\n\n\n<div class=\"wp-block-uagb-image uagb-block-c5c79c49 wp-block-uagb-image--layout-default wp-block-uagb-image--effect-static wp-block-uagb-image--align-none\"><figure class=\"wp-block-uagb-image__figure\"><img decoding=\"async\" srcset=\"https:\/\/www.propertypro.pl\/posrednictwo\/wp-content\/uploads\/2025\/09\/Mieszkanicznik-Logo-na-jasne-tlo-500-x-160-px.png ,https:\/\/www.propertypro.pl\/posrednictwo\/wp-content\/uploads\/2025\/09\/Mieszkanicznik-Logo-na-jasne-tlo-500-x-160-px.png 780w, https:\/\/www.propertypro.pl\/posrednictwo\/wp-content\/uploads\/2025\/09\/Mieszkanicznik-Logo-na-jasne-tlo-500-x-160-px.png 360w\" sizes=\"auto, (max-width: 480px) 150px\" src=\"https:\/\/www.propertypro.pl\/posrednictwo\/wp-content\/uploads\/2025\/09\/Mieszkanicznik-Logo-na-jasne-tlo-500-x-160-px.png\" alt=\"Logo Mieszkanicznik\" class=\"uag-image-2168\" width=\"560\" height=\"500\" title=\"Mieszkanicznik-Logo-na-jasne-tlo-500-x-160-px\" loading=\"lazy\" role=\"img\"\/><\/figure><\/div>\n<\/div>\n<\/div><\/div>\n\n\n\n<div class=\"wp-block-uagb-container uagb-block-804a406b alignfull uagb-is-root-container\"><div class=\"uagb-container-inner-blocks-wrap\">\n<div class=\"wp-block-uagb-info-box uagb-block-fd4425a9 uagb-infobox__content-wrap  uagb-infobox-icon-above-title uagb-infobox-image-valign-top wp-block-uagb-info-box--has-margin\"><div class=\"uagb-infobox-margin-wrapper\"><div class=\"uagb-ifb-content\"><div class=\"uagb-ifb-title-wrap\"><div class=\"uagb-ifb-separator\"><\/div><h2 class=\"uagb-ifb-title\">Masz pytania? Chcesz si\u0119 upewni\u0107, \u017ce niczego nie przeoczysz?<\/h2><\/div><p class=\"uagb-ifb-desc\">Porozmawiaj z nami \u2013 wyja\u015bnimy wszystko krok po kroku.<\/p><div class=\"uagb-ifb-button-wrapper wp-block-button\"><a href=\"\/posrednictwo\/kontakt\/\" class=\"uagb-infobox-cta-link wp-block-button__link\" target=\"_self\" rel=\"noopener noreferrer\" onclick=\"return true;\"><svg xmlns=\"https:\/\/www.w3.org\/2000\/svg\" viewBox=\"0 0 512 512\"><path d=\"M502.6 278.6l-128 128c-12.51 12.51-32.76 12.49-45.25 0c-12.5-12.5-12.5-32.75 0-45.25L402.8 288H32C14.31 288 0 273.7 0 255.1S14.31 224 32 224h370.8l-73.38-73.38c-12.5-12.5-12.5-32.75 0-45.25s32.75-12.5 45.25 0l128 128C515.1 245.9 515.1 266.1 502.6 278.6z\"><\/path><\/svg><span class=\"uagb-inline-editing\">Skontaktuj si\u0119 z nami<\/span><\/a><\/div><\/div><\/div><\/div>\n<\/div><\/div>\n\n\n\n<div class=\"wp-block-uagb-container uagb-block-5c7e11d2 alignfull uagb-is-root-container\"><div class=\"uagb-container-inner-blocks-wrap\">\n<script>\n    window.GPTTConfig = {\n        uuid: \"eca90eafecf6420ba83cb02729c4b228\"\n    }\n<\/script>\n<script\n  src=\"https:\/\/app.gpt-trainer.com\/widget-asset.min.js\"\n  defer\n>\n<\/script>\n<\/div><\/div>\n","protected":false},"excerpt":{"rendered":"<p>Profesjonalne wsparcie w sprzeda\u017cy i zakupie nieruchomo\u015bci w \u0141odzi &#8211; PropertyPro &#8211;Tw\u00f3j zaufany partner w nieruchomo\u015bciach PropertyPro to marka \u0142\u0105cz\u0105ca [&hellip;]<\/p>\n","protected":false},"author":1,"featured_media":0,"parent":0,"menu_order":0,"comment_status":"closed","ping_status":"closed","template":"","meta":{"_uag_custom_page_level_css":"","site-sidebar-layout":"default","site-content-layout":"","ast-site-content-layout":"default","site-content-style":"default","site-sidebar-style":"default","ast-global-header-display":"","ast-banner-title-visibility":"","ast-main-header-display":"","ast-hfb-above-header-display":"","ast-hfb-below-header-display":"","ast-hfb-mobile-header-display":"","site-post-title":"disabled","ast-breadcrumbs-content":"","ast-featured-img":"","footer-sml-layout":"","ast-disable-related-posts":"","theme-transparent-header-meta":"","adv-header-id-meta":"","stick-header-meta":"","header-above-stick-meta":"","header-main-stick-meta":"","header-below-stick-meta":"","astra-migrate-meta-layouts":"default","ast-page-background-enabled":"default","ast-page-background-meta":{"desktop":{"background-color":"var(--ast-global-color-4)","background-image":"","background-repeat":"repeat","background-position":"center center","background-size":"auto","background-attachment":"scroll","background-type":"","background-media":"","overlay-type":"","overlay-color":"","overlay-opacity":"","overlay-gradient":""},"tablet":{"background-color":"","background-image":"","background-repeat":"repeat","background-position":"center center","background-size":"auto","background-attachment":"scroll","background-type":"","background-media":"","overlay-type":"","overlay-color":"","overlay-opacity":"","overlay-gradient":""},"mobile":{"background-color":"","background-image":"","background-repeat":"repeat","background-position":"center center","background-size":"auto","background-attachment":"scroll","background-type":"","background-media":"","overlay-type":"","overlay-color":"","overlay-opacity":"","overlay-gradient":""}},"ast-content-background-meta":{"desktop":{"background-color":"var(--ast-global-color-5)","background-image":"","background-repeat":"repeat","background-position":"center center","background-size":"auto","background-attachment":"scroll","background-type":"","background-media":"","overlay-type":"","overlay-color":"","overlay-opacity":"","overlay-gradient":""},"tablet":{"background-color":"var(--ast-global-color-5)","background-image":"","background-repeat":"repeat","background-position":"center center","background-size":"auto","background-attachment":"scroll","background-type":"","background-media":"","overlay-type":"","overlay-color":"","overlay-opacity":"","overlay-gradient":""},"mobile":{"background-color":"var(--ast-global-color-5)","background-image":"","background-repeat":"repeat","background-position":"center center","background-size":"auto","background-attachment":"scroll","background-type":"","background-media":"","overlay-type":"","overlay-color":"","overlay-opacity":"","overlay-gradient":""}},"footnotes":""},"class_list":["post-1125","page","type-page","status-publish","hentry"],"yoast_head":"<!-- This site is optimized with the Yoast SEO plugin v27.4 - https:\/\/yoast.com\/product\/yoast-seo-wordpress\/ -->\n<title>O nas -<\/title>\n<meta name=\"robots\" content=\"index, follow, max-snippet:-1, max-image-preview:large, max-video-preview:-1\" \/>\n<link rel=\"canonical\" href=\"https:\/\/www.propertypro.pl\/posrednictwo\/o_nas\/\" \/>\n<meta property=\"og:locale\" content=\"pl_PL\" \/>\n<meta property=\"og:type\" content=\"article\" \/>\n<meta property=\"og:title\" content=\"Chcesz sprzeda\u0107 lub kupi\u0107 mieszkanie w \u0141odzi? Z nami zrobisz to szybko, bezpiecznie i korzystnie!\" \/>\n<meta property=\"og:description\" content=\"Po\u015bredniczymy w sprzeda\u017cy i zakupie mieszka\u0144 od A do Z. Oferujemy kompleksow\u0105 obs\u0142ug\u0119 transakcji nieruchomo\u015bci w \u0141odzi.\" \/>\n<meta property=\"og:url\" content=\"https:\/\/www.propertypro.pl\/posrednictwo\/o_nas\/\" \/>\n<meta property=\"article:publisher\" content=\"https:\/\/www.facebook.com\/PropertyProLodz\/\" \/>\n<meta property=\"article:modified_time\" content=\"2025-09-09T14:06:44+00:00\" \/>\n<meta property=\"og:image\" content=\"https:\/\/www.propertypro.pl\/posrednictwo\/wp-content\/uploads\/2025\/05\/PP-logo-prostokat-2-5000x2500-posrednictwo-scaled.png\" \/>\n\t<meta property=\"og:image:width\" content=\"2560\" \/>\n\t<meta property=\"og:image:height\" content=\"1280\" \/>\n\t<meta property=\"og:image:type\" content=\"image\/png\" \/>\n<meta name=\"twitter:card\" content=\"summary_large_image\" \/>\n<meta name=\"twitter:label1\" content=\"Szacowany czas czytania\" \/>\n\t<meta name=\"twitter:data1\" content=\"4 minuty\" \/>\n<script type=\"application\/ld+json\" class=\"yoast-schema-graph\">{\"@context\":\"https:\\\/\\\/schema.org\",\"@graph\":[{\"@type\":\"WebPage\",\"@id\":\"https:\\\/\\\/www.propertypro.pl\\\/posrednictwo\\\/o_nas\\\/\",\"url\":\"https:\\\/\\\/www.propertypro.pl\\\/posrednictwo\\\/o_nas\\\/\",\"name\":\"O nas -\",\"isPartOf\":{\"@id\":\"https:\\\/\\\/www.propertypro.pl\\\/posrednictwo\\\/#website\"},\"primaryImageOfPage\":{\"@id\":\"https:\\\/\\\/www.propertypro.pl\\\/posrednictwo\\\/o_nas\\\/#primaryimage\"},\"image\":{\"@id\":\"https:\\\/\\\/www.propertypro.pl\\\/posrednictwo\\\/o_nas\\\/#primaryimage\"},\"thumbnailUrl\":\"https:\\\/\\\/www.propertypro.pl\\\/posrednictwo\\\/wp-content\\\/uploads\\\/2024\\\/12\\\/pexels-photo-3778673.jpeg\",\"datePublished\":\"2024-12-12T15:33:24+00:00\",\"dateModified\":\"2025-09-09T14:06:44+00:00\",\"breadcrumb\":{\"@id\":\"https:\\\/\\\/www.propertypro.pl\\\/posrednictwo\\\/o_nas\\\/#breadcrumb\"},\"inLanguage\":\"pl-PL\",\"potentialAction\":[{\"@type\":\"ReadAction\",\"target\":[\"https:\\\/\\\/www.propertypro.pl\\\/posrednictwo\\\/o_nas\\\/\"]}]},{\"@type\":\"ImageObject\",\"inLanguage\":\"pl-PL\",\"@id\":\"https:\\\/\\\/www.propertypro.pl\\\/posrednictwo\\\/o_nas\\\/#primaryimage\",\"url\":\"https:\\\/\\\/www.propertypro.pl\\\/posrednictwo\\\/wp-content\\\/uploads\\\/2024\\\/12\\\/pexels-photo-3778673.jpeg\",\"contentUrl\":\"https:\\\/\\\/www.propertypro.pl\\\/posrednictwo\\\/wp-content\\\/uploads\\\/2024\\\/12\\\/pexels-photo-3778673.jpeg\"},{\"@type\":\"BreadcrumbList\",\"@id\":\"https:\\\/\\\/www.propertypro.pl\\\/posrednictwo\\\/o_nas\\\/#breadcrumb\",\"itemListElement\":[{\"@type\":\"ListItem\",\"position\":1,\"name\":\"Strona g\u0142\u00f3wna\",\"item\":\"https:\\\/\\\/www.propertypro.pl\\\/posrednictwo\\\/\"},{\"@type\":\"ListItem\",\"position\":2,\"name\":\"O nas\"}]},{\"@type\":\"WebSite\",\"@id\":\"https:\\\/\\\/www.propertypro.pl\\\/posrednictwo\\\/#website\",\"url\":\"https:\\\/\\\/www.propertypro.pl\\\/posrednictwo\\\/\",\"name\":\"Masz mieszkanie na wynajem? Zle\u0107 nam jego zarz\u0105dzanie!\",\"description\":\"Chcesz sprzeda\u0107 lub kupi\u0107 mieszkanie? Zle\u0107 to profesjonalistom takim jak my!\",\"publisher\":{\"@id\":\"https:\\\/\\\/www.propertypro.pl\\\/posrednictwo\\\/#organization\"},\"potentialAction\":[{\"@type\":\"SearchAction\",\"target\":{\"@type\":\"EntryPoint\",\"urlTemplate\":\"https:\\\/\\\/www.propertypro.pl\\\/posrednictwo\\\/?s={search_term_string}\"},\"query-input\":{\"@type\":\"PropertyValueSpecification\",\"valueRequired\":true,\"valueName\":\"search_term_string\"}}],\"inLanguage\":\"pl-PL\"},{\"@type\":\"Organization\",\"@id\":\"https:\\\/\\\/www.propertypro.pl\\\/posrednictwo\\\/#organization\",\"name\":\"PropertyPro\",\"url\":\"https:\\\/\\\/www.propertypro.pl\\\/posrednictwo\\\/\",\"logo\":{\"@type\":\"ImageObject\",\"inLanguage\":\"pl-PL\",\"@id\":\"https:\\\/\\\/www.propertypro.pl\\\/posrednictwo\\\/#\\\/schema\\\/logo\\\/image\\\/\",\"url\":\"https:\\\/\\\/www.propertypro.pl\\\/posrednictwo\\\/wp-content\\\/uploads\\\/2024\\\/12\\\/cropped-PP-logo-tylko-domek.png\",\"contentUrl\":\"https:\\\/\\\/www.propertypro.pl\\\/posrednictwo\\\/wp-content\\\/uploads\\\/2024\\\/12\\\/cropped-PP-logo-tylko-domek.png\",\"width\":512,\"height\":512,\"caption\":\"PropertyPro\"},\"image\":{\"@id\":\"https:\\\/\\\/www.propertypro.pl\\\/posrednictwo\\\/#\\\/schema\\\/logo\\\/image\\\/\"},\"sameAs\":[\"https:\\\/\\\/www.facebook.com\\\/PropertyProLodz\\\/\"]}]}<\/script>\n<!-- \/ Yoast SEO plugin. -->","yoast_head_json":{"title":"O nas -","robots":{"index":"index","follow":"follow","max-snippet":"max-snippet:-1","max-image-preview":"max-image-preview:large","max-video-preview":"max-video-preview:-1"},"canonical":"https:\/\/www.propertypro.pl\/posrednictwo\/o_nas\/","og_locale":"pl_PL","og_type":"article","og_title":"Chcesz sprzeda\u0107 lub kupi\u0107 mieszkanie w \u0141odzi? Z nami zrobisz to szybko, bezpiecznie i korzystnie!","og_description":"Po\u015bredniczymy w sprzeda\u017cy i zakupie mieszka\u0144 od A do Z. Oferujemy kompleksow\u0105 obs\u0142ug\u0119 transakcji nieruchomo\u015bci w \u0141odzi.","og_url":"https:\/\/www.propertypro.pl\/posrednictwo\/o_nas\/","article_publisher":"https:\/\/www.facebook.com\/PropertyProLodz\/","article_modified_time":"2025-09-09T14:06:44+00:00","og_image":[{"width":2560,"height":1280,"url":"https:\/\/www.propertypro.pl\/posrednictwo\/wp-content\/uploads\/2025\/05\/PP-logo-prostokat-2-5000x2500-posrednictwo-scaled.png","type":"image\/png"}],"twitter_card":"summary_large_image","twitter_misc":{"Szacowany czas czytania":"4 minuty"},"schema":{"@context":"https:\/\/schema.org","@graph":[{"@type":"WebPage","@id":"https:\/\/www.propertypro.pl\/posrednictwo\/o_nas\/","url":"https:\/\/www.propertypro.pl\/posrednictwo\/o_nas\/","name":"O nas -","isPartOf":{"@id":"https:\/\/www.propertypro.pl\/posrednictwo\/#website"},"primaryImageOfPage":{"@id":"https:\/\/www.propertypro.pl\/posrednictwo\/o_nas\/#primaryimage"},"image":{"@id":"https:\/\/www.propertypro.pl\/posrednictwo\/o_nas\/#primaryimage"},"thumbnailUrl":"https:\/\/www.propertypro.pl\/posrednictwo\/wp-content\/uploads\/2024\/12\/pexels-photo-3778673.jpeg","datePublished":"2024-12-12T15:33:24+00:00","dateModified":"2025-09-09T14:06:44+00:00","breadcrumb":{"@id":"https:\/\/www.propertypro.pl\/posrednictwo\/o_nas\/#breadcrumb"},"inLanguage":"pl-PL","potentialAction":[{"@type":"ReadAction","target":["https:\/\/www.propertypro.pl\/posrednictwo\/o_nas\/"]}]},{"@type":"ImageObject","inLanguage":"pl-PL","@id":"https:\/\/www.propertypro.pl\/posrednictwo\/o_nas\/#primaryimage","url":"https:\/\/www.propertypro.pl\/posrednictwo\/wp-content\/uploads\/2024\/12\/pexels-photo-3778673.jpeg","contentUrl":"https:\/\/www.propertypro.pl\/posrednictwo\/wp-content\/uploads\/2024\/12\/pexels-photo-3778673.jpeg"},{"@type":"BreadcrumbList","@id":"https:\/\/www.propertypro.pl\/posrednictwo\/o_nas\/#breadcrumb","itemListElement":[{"@type":"ListItem","position":1,"name":"Strona g\u0142\u00f3wna","item":"https:\/\/www.propertypro.pl\/posrednictwo\/"},{"@type":"ListItem","position":2,"name":"O nas"}]},{"@type":"WebSite","@id":"https:\/\/www.propertypro.pl\/posrednictwo\/#website","url":"https:\/\/www.propertypro.pl\/posrednictwo\/","name":"Masz mieszkanie na wynajem? Zle\u0107 nam jego zarz\u0105dzanie!","description":"Chcesz sprzeda\u0107 lub kupi\u0107 mieszkanie? Zle\u0107 to profesjonalistom takim jak my!","publisher":{"@id":"https:\/\/www.propertypro.pl\/posrednictwo\/#organization"},"potentialAction":[{"@type":"SearchAction","target":{"@type":"EntryPoint","urlTemplate":"https:\/\/www.propertypro.pl\/posrednictwo\/?s={search_term_string}"},"query-input":{"@type":"PropertyValueSpecification","valueRequired":true,"valueName":"search_term_string"}}],"inLanguage":"pl-PL"},{"@type":"Organization","@id":"https:\/\/www.propertypro.pl\/posrednictwo\/#organization","name":"PropertyPro","url":"https:\/\/www.propertypro.pl\/posrednictwo\/","logo":{"@type":"ImageObject","inLanguage":"pl-PL","@id":"https:\/\/www.propertypro.pl\/posrednictwo\/#\/schema\/logo\/image\/","url":"https:\/\/www.propertypro.pl\/posrednictwo\/wp-content\/uploads\/2024\/12\/cropped-PP-logo-tylko-domek.png","contentUrl":"https:\/\/www.propertypro.pl\/posrednictwo\/wp-content\/uploads\/2024\/12\/cropped-PP-logo-tylko-domek.png","width":512,"height":512,"caption":"PropertyPro"},"image":{"@id":"https:\/\/www.propertypro.pl\/posrednictwo\/#\/schema\/logo\/image\/"},"sameAs":["https:\/\/www.facebook.com\/PropertyProLodz\/"]}]}},"uagb_featured_image_src":{"full":false,"thumbnail":false,"medium":false,"medium_large":false,"large":false,"1536x1536":false,"2048x2048":false},"uagb_author_info":{"display_name":"admin","author_link":"https:\/\/www.propertypro.pl\/posrednictwo\/blog\/author\/admin\/"},"uagb_comment_info":0,"uagb_excerpt":"Profesjonalne wsparcie w sprzeda\u017cy i zakupie nieruchomo\u015bci w \u0141odzi &#8211; PropertyPro &#8211;Tw\u00f3j zaufany partner w nieruchomo\u015bciach PropertyPro to marka \u0142\u0105cz\u0105ca [&hellip;]","_links":{"self":[{"href":"https:\/\/www.propertypro.pl\/posrednictwo\/wp-json\/wp\/v2\/pages\/1125","targetHints":{"allow":["GET"]}}],"collection":[{"href":"https:\/\/www.propertypro.pl\/posrednictwo\/wp-json\/wp\/v2\/pages"}],"about":[{"href":"https:\/\/www.propertypro.pl\/posrednictwo\/wp-json\/wp\/v2\/types\/page"}],"author":[{"embeddable":true,"href":"https:\/\/www.propertypro.pl\/posrednictwo\/wp-json\/wp\/v2\/users\/1"}],"replies":[{"embeddable":true,"href":"https:\/\/www.propertypro.pl\/posrednictwo\/wp-json\/wp\/v2\/comments?post=1125"}],"version-history":[{"count":39,"href":"https:\/\/www.propertypro.pl\/posrednictwo\/wp-json\/wp\/v2\/pages\/1125\/revisions"}],"predecessor-version":[{"id":2169,"href":"https:\/\/www.propertypro.pl\/posrednictwo\/wp-json\/wp\/v2\/pages\/1125\/revisions\/2169"}],"wp:attachment":[{"href":"https:\/\/www.propertypro.pl\/posrednictwo\/wp-json\/wp\/v2\/media?parent=1125"}],"curies":[{"name":"wp","href":"https:\/\/api.w.org\/{rel}","templated":true}]}}