{"id":1341,"date":"2024-12-14T16:50:43","date_gmt":"2024-12-14T16:50:43","guid":{"rendered":"https:\/\/www.propertypro.pl\/posrednictwo\/?page_id=1341"},"modified":"2026-01-29T13:15:53","modified_gmt":"2026-01-29T13:15:53","slug":"polityka-prywatnosci","status":"publish","type":"page","link":"https:\/\/www.propertypro.pl\/posrednictwo\/polityka-prywatnosci\/","title":{"rendered":"Polityka Prywatno\u015bci"},"content":{"rendered":"\n<div class=\"wp-block-uagb-container uagb-block-4902463a alignfull uagb-is-root-container\"><div class=\"uagb-container-inner-blocks-wrap\">\n<div class=\"wp-block-uagb-advanced-heading uagb-block-a651693a\"><div class=\"uagb-separator\"><\/div><h1 class=\"uagb-heading-text\">Polityka Prywatno\u015bci<\/h1><\/div>\n<\/div><\/div>\n\n\n\n<div class=\"wp-block-uagb-container uagb-block-757d3272 alignfull uagb-is-root-container\"><div class=\"uagb-container-inner-blocks-wrap\">\n<p><\/p>\n<\/div><\/div>\n\n\n\n<div class=\"wp-block-uagb-container uagb-block-c8a7b267 alignfull uagb-is-root-container\"><div class=\"uagb-container-inner-blocks-wrap\">\n<p>Administratorem danych na tej stronie www jest PropertyPro sp. z o.o. z siedzib\u0105 w \u0141odzi przy ul. Wojska Polskiego 108A jest wpisana do Rejestru<br>Przedsi\u0119biorc\u00f3w Krajowego Rejestru S\u0105dowego prowadzonego przez S\u0105d Rejonowy dla \u0141odzi-\u015ar\u00f3dmie\u015bcie w \u0141odzi, XX Wydzia\u0142 Gospodarczy Krajowego Rejestru S\u0105dowego  pod numerem KRS 0000839862, NIP: 7010982244.<\/p>\n\n\n\n<p>Zawsze dok\u0142adamy wszelkich stara\u0144, aby przechowywane dane, r\u00f3wnie\u017c te nieprywatne, pozyskiwane poprzez znajduj\u0105ce si\u0119 na tej stronie formularze, newslettery oraz inne elementy, by\u0142y bezpieczne. Stosujemy bezpieczne szyfrowanie (tzw. protok\u00f3\u0142 SSL) i nale\u017cycie chronimy wszelki dost\u0119p do nich.<\/p>\n\n\n\n<p>Pami\u0119taj, \u017ce zawsze masz prawo do \u017c\u0105dania sprostowania, usuni\u0119cia lub ograniczenia przetwarzania swoich danych osobowych. Zawsze mo\u017cesz wnie\u015b\u0107 sprzeciw wobec ich przetwarzaniu.&nbsp;Zawsze mo\u017cesz te\u017c cofn\u0105\u0107 zgod\u0119 na przetwarzanie swoich danych osobowych w okre\u015blonym celu, je\u017celi uprzednio wyrazi\u0142e\u015b tak\u0105 zgod\u0119. Masz te\u017c prawo do ich przenoszenia. Gdyby cokolwiek posz\u0142o nie tak, zach\u0119cam do kontaktu z nami. W ostateczno\u015bci mo\u017cesz wnie\u015b\u0107 skarg\u0119 do organu nadzorczego w zwi\u0105zku z przetwarzaniem przez nas danych osobowych.<\/p>\n\n\n\n<div class=\"wp-block-uagb-advanced-heading uagb-block-2b28f4b7\"><h2 class=\"uagb-heading-text\">Analiza statystyk i pliki cookies<\/h2><p class=\"uagb-desc-text\">Na naszej stronie u\u017cywamy plik\u00f3w cookies do cel\u00f3w statystycznych, aby m\u00f3c lepiej j\u0105 rozwija\u0107 poprzez badanie ruchu, sprawdzanie m.in. sk\u0105d \u0142\u0105cz\u0105 si\u0119 osoby odwiedzaj\u0105ce, ile czasu sp\u0119dzaj\u0105 na czytaniu tre\u015bci oraz jakie posty i strony s\u0105 najbardziej popularne. Pliki cookies wykorzystujemy w celach funkcjonalnych, aby strona dzia\u0142a\u0142a poprawnie (np. zapami\u0119tywanie preferencji), w celach analitycznych &#8211; do analizy ruchu na stronie (Google Analytics) oraz w celach marketingowych &#8211; do remarketingu i emisji spersonalizowanych reklam (Google Ads, Meta Pixel). Jednocze\u015bnie zastrzegamy sobie prawo do zmiany partnera zbieraj\u0105cego dane do powy\u017cszych cel\u00f3w. Zewn\u0119trznych partner\u00f3w dobieramy z zachowaniem maksymalnej staranno\u015bci. Nie mo\u017cemy jednak odpowiada\u0107 za ich dzia\u0142ania i ich polityk\u0119 w zakresie wykorzystywania cookies. <br><br>W tre\u015bci artyku\u0142\u00f3w, stron i news\u00f3w umieszczanych przez nas na stronie mog\u0105 pojawi\u0107 si\u0119 linki do zewn\u0119trznych serwis\u00f3w, takich jak youtube, linkedin czy innych, kt\u00f3re r\u00f3wnie\u017c wykorzystuj\u0105 pliki cookies. Przed klikni\u0119ciem w umieszczony link zalecamy sprawdzenie ich polityki prywatno\u015bci i nie otwieranie link\u00f3w w przypadku w\u0105tpliwo\u015bci dotycz\u0105cych kwestii przetwarzania danych.<br><br>Je\u015bli nie zgadzasz si\u0119, aby pliki cookies by\u0142y wykorzystywane na Twoim urz\u0105dzeniu mo\u017cesz je zablokowa\u0107 poprzez odpowiedni\u0105 konfiguracj\u0119 swojej przegl\u0105darki internetowej. W tym celu zalecamy sprawdzenie konfiguracji lub skontaktowanie si\u0119 z producentem Twojej przegl\u0105darki. Niestety, zablokowanie plik\u00f3w cookies mo\u017ce spowodowa\u0107, \u017ce pewne elementy naszej strony nie b\u0119d\u0105 si\u0119 wy\u015bwietla\u0142y poprawnie, za co nie odpowiadamy.<\/p><\/div>\n\n\n\n<div class=\"wp-block-uagb-advanced-heading uagb-block-0f295d7f\"><h2 class=\"uagb-heading-text\">Zbieranie danych<\/h2><p class=\"uagb-desc-text\">Dane, kt\u00f3re zbieramy mog\u0105 by\u0107 przekazywane firmom trzecim, kt\u00f3re przetwarzaj\u0105 dane zgodnie z w\u0142asnymi politykami prywatno\u015bci, takim jak:<br><br>1) Zenbox Sp. z o.o., ul. D\u0105browskiego 7, 42-200 Cz\u0119stochowa &#8211; jako dostawcy hostingu w celu przechowywania strony i obs\u0142ugi poczty (https:\/\/www.zenbox.pl\/)<br><br>2) Google Ireland Ltd. \u2013 w ramach integracji us\u0142ug takich jak Google Analytics, Google Ads \u2013 jako dostawcy narz\u0119dzi analitycznych i reklamowych (https:\/\/policies.google.com\/privacy)<br><br>3) Meta Platforms Ireland Ltd &#8211; w ramach integracji us\u0142ug takich jak Meta Pixel (Facebook Ads) &#8211; jako dostawcy narz\u0119dzi analitycznych i reklamowych (https:\/\/www.facebook.com\/privacy\/policy)<br><br>Z uwagi na to, \u017ce hosting naszej domeny jest utrzymywany na serwerach firmy zenbox.pl, firma ta jest zobowi\u0105zywana do przechowywania log\u00f3w serwera www. W logach tych znajduj\u0105 si\u0119 takie informacje jak m.in. adres IP komputera, z kt\u00f3rego si\u0119 \u0142\u0105czysz, dok\u0142adna data i godzina po\u0142\u0105czenia, wykorzystywane do po\u0142\u0105czenia porty oraz przegl\u0105darka, z kt\u00f3rej korzystasz wraz z jej parametrami. Zalecamy zaznajomienie si\u0119 z polityk\u0105 prywatno\u015bci firmy zenbox.pl. Je\u015bli nie zgadzasz si\u0119 z ich polityk\u0105 prywatno\u015bci, prosz\u0119 o niewchodzenie na nasz\u0105 stron\u0119 www. Zastrzegamy sobie prawo do zmiany przez nas partnera hostuj\u0105cego.<br><br>W przypadku kontaktu mailowego z nami zawsze przywi\u0105zujemy ogromn\u0105 wag\u0119 do bezpiecze\u0144stwa Twoich danych, m.in. \u0142\u0105cz\u0105c si\u0119 w spos\u00f3b szyfrowany do naszej skrzynki pocztowej oraz korzystaj\u0105c ze sprawdzonych i bezpiecznych komputer\u00f3w.<br><br>Twoje dane mog\u0105 by\u0107 przekazywane do pa\u0144stw trzecich (np. USA) w oparciu o odpowiednie zabezpieczenia zgodne z RODO, m.in. standardowe klauzule umowne.<\/p><\/div>\n\n\n\n<div class=\"wp-block-uagb-advanced-heading uagb-block-2ef342ad\"><h2 class=\"uagb-heading-text\">Cel przetwarzania danych<\/h2><p class=\"uagb-desc-text\">Zbieramy minimaln\u0105 ilo\u015b\u0107 danych, kt\u00f3re s\u0105 nam niezb\u0119dne. Dane te przetwarzamy tylko i wy\u0142\u0105cznie do celu kontaktu przez formularz dost\u0119pny na naszej stronie internetowej, przygotowania ofert naszych us\u0142ug, cel\u00f3w analitycznych i statystycznych oraz emisji reklam w sieciach zewn\u0119trznych, takich jak Google i Meta. Za zgod\u0105 mo\u017cemy je r\u00f3wnie\u017c wykorzysta\u0107 do prowadzenia komunikacji marketingowej.<\/p><\/div>\n\n\n\n<div class=\"wp-block-uagb-advanced-heading uagb-block-2ef342ad\"><h2 class=\"uagb-heading-text\">Linki afiliacyjne<\/h2><p class=\"uagb-desc-text\">Na naszej stronie niekt\u00f3re z link\u00f3w mog\u0105 by\u0107 linkami afiliacyjnymi. Nie ma to \u017cadnego wp\u0142ywu na dzia\u0142anie samej strony oraz na ceny produkt\u00f3w docelowych. Linki te pozwalaj\u0105 nam na otrzymanie prowizji, je\u017celi dokonasz zakup\u00f3w poprzez kt\u00f3r\u0105\u015b z linkowanych przez nas stron. Informacje o Twoim klikni\u0119ciu w link afiliacyjny s\u0105 zapisywane w plikach cookies Twojego urz\u0105dzenia.<\/p><\/div>\n\n\n\n<div class=\"wp-block-uagb-advanced-heading uagb-block-2ef342ad\"><h2 class=\"uagb-heading-text\">Zmiany polityki<\/h2><p class=\"uagb-desc-text\">Zastrzegamy sobie prawo do wprowadzenia zmian w niniejszej polityce prywatno\u015bci. Aktualna wersja zawsze jest dost\u0119pna na stronach PropertyPro.<\/p><\/div>\n<\/div><\/div>\n\n\n\n<div class=\"wp-block-uagb-container uagb-block-7fb46f86 alignfull uagb-is-root-container\"><div class=\"uagb-container-inner-blocks-wrap\">\n<p class=\"has-text-align-right\"><em>Zesp\u00f3\u0142 \u201ePropertyPro&#8221;<\/em><\/p>\n<\/div><\/div>\n\n\n\n<p><\/p>\n\n\n\n<div class=\"wp-block-uagb-container uagb-block-804a406b alignfull uagb-is-root-container\"><div class=\"uagb-container-inner-blocks-wrap\">\n<div class=\"wp-block-uagb-info-box uagb-block-fd4425a9 uagb-infobox__content-wrap  uagb-infobox-icon-above-title uagb-infobox-image-valign-top wp-block-uagb-info-box--has-margin\"><div class=\"uagb-infobox-margin-wrapper\"><div class=\"uagb-ifb-content\"><div class=\"uagb-ifb-title-wrap\"><div class=\"uagb-ifb-separator\"><\/div><h2 class=\"uagb-ifb-title\">Masz pytania? Chcesz si\u0119 upewni\u0107, \u017ce niczego nie przeoczysz?<\/h2><\/div><p class=\"uagb-ifb-desc\">Porozmawiaj z nami \u2013 wyja\u015bnimy wszystko krok po kroku.<\/p><div class=\"uagb-ifb-button-wrapper wp-block-button\"><a href=\"\/posrednictwo\/kontakt\/\" class=\"uagb-infobox-cta-link wp-block-button__link\" target=\"_self\" rel=\"noopener noreferrer\" onclick=\"return true;\"><svg xmlns=\"https:\/\/www.w3.org\/2000\/svg\" viewBox=\"0 0 512 512\"><path d=\"M502.6 278.6l-128 128c-12.51 12.51-32.76 12.49-45.25 0c-12.5-12.5-12.5-32.75 0-45.25L402.8 288H32C14.31 288 0 273.7 0 255.1S14.31 224 32 224h370.8l-73.38-73.38c-12.5-12.5-12.5-32.75 0-45.25s32.75-12.5 45.25 0l128 128C515.1 245.9 515.1 266.1 502.6 278.6z\"><\/path><\/svg><span class=\"uagb-inline-editing\">Skontaktuj si\u0119 z nami<\/span><\/a><\/div><\/div><\/div><\/div>\n<\/div><\/div>\n\n\n\n<div class=\"wp-block-uagb-container uagb-block-5c7e11d2 alignfull uagb-is-root-container\"><div class=\"uagb-container-inner-blocks-wrap\">\n<script>\n    window.GPTTConfig = {\n        uuid: \"eca90eafecf6420ba83cb02729c4b228\"\n    }\n<\/script>\n<script\n  src=\"https:\/\/app.gpt-trainer.com\/widget-asset.min.js\"\n  defer\n>\n<\/script>\n<\/div><\/div>\n","protected":false},"excerpt":{"rendered":"<p>Polityka Prywatno\u015bci Administratorem danych na tej stronie www jest PropertyPro sp. z o.o. z siedzib\u0105 w \u0141odzi przy ul. Wojska [&hellip;]<\/p>\n","protected":false},"author":1,"featured_media":0,"parent":0,"menu_order":0,"comment_status":"closed","ping_status":"closed","template":"","meta":{"_uag_custom_page_level_css":"","site-sidebar-layout":"default","site-content-layout":"","ast-site-content-layout":"default","site-content-style":"default","site-sidebar-style":"default","ast-global-header-display":"","ast-banner-title-visibility":"","ast-main-header-display":"","ast-hfb-above-header-display":"","ast-hfb-below-header-display":"","ast-hfb-mobile-header-display":"","site-post-title":"disabled","ast-breadcrumbs-content":"","ast-featured-img":"","footer-sml-layout":"","ast-disable-related-posts":"","theme-transparent-header-meta":"","adv-header-id-meta":"","stick-header-meta":"","header-above-stick-meta":"","header-main-stick-meta":"","header-below-stick-meta":"","astra-migrate-meta-layouts":"default","ast-page-background-enabled":"default","ast-page-background-meta":{"desktop":{"background-color":"var(--ast-global-color-4)","background-image":"","background-repeat":"repeat","background-position":"center center","background-size":"auto","background-attachment":"scroll","background-type":"","background-media":"","overlay-type":"","overlay-color":"","overlay-opacity":"","overlay-gradient":""},"tablet":{"background-color":"","background-image":"","background-repeat":"repeat","background-position":"center center","background-size":"auto","background-attachment":"scroll","background-type":"","background-media":"","overlay-type":"","overlay-color":"","overlay-opacity":"","overlay-gradient":""},"mobile":{"background-color":"","background-image":"","background-repeat":"repeat","background-position":"center center","background-size":"auto","background-attachment":"scroll","background-type":"","background-media":"","overlay-type":"","overlay-color":"","overlay-opacity":"","overlay-gradient":""}},"ast-content-background-meta":{"desktop":{"background-color":"var(--ast-global-color-5)","background-image":"","background-repeat":"repeat","background-position":"center center","background-size":"auto","background-attachment":"scroll","background-type":"","background-media":"","overlay-type":"","overlay-color":"","overlay-opacity":"","overlay-gradient":""},"tablet":{"background-color":"var(--ast-global-color-5)","background-image":"","background-repeat":"repeat","background-position":"center center","background-size":"auto","background-attachment":"scroll","background-type":"","background-media":"","overlay-type":"","overlay-color":"","overlay-opacity":"","overlay-gradient":""},"mobile":{"background-color":"var(--ast-global-color-5)","background-image":"","background-repeat":"repeat","background-position":"center center","background-size":"auto","background-attachment":"scroll","background-type":"","background-media":"","overlay-type":"","overlay-color":"","overlay-opacity":"","overlay-gradient":""}},"footnotes":""},"class_list":["post-1341","page","type-page","status-publish","hentry"],"yoast_head":"<!-- This site is optimized with the Yoast SEO plugin v27.4 - https:\/\/yoast.com\/product\/yoast-seo-wordpress\/ -->\n<title>Polityka Prywatno\u015bci -<\/title>\n<meta name=\"robots\" content=\"index, follow, max-snippet:-1, max-image-preview:large, max-video-preview:-1\" \/>\n<link rel=\"canonical\" href=\"https:\/\/www.propertypro.pl\/posrednictwo\/polityka-prywatnosci\/\" \/>\n<meta property=\"og:locale\" content=\"pl_PL\" \/>\n<meta property=\"og:type\" content=\"article\" \/>\n<meta property=\"og:title\" content=\"Chcesz sprzeda\u0107 lub kupi\u0107 mieszkanie w \u0141odzi? Z nami zrobisz to szybko, bezpiecznie i korzystnie!\" \/>\n<meta property=\"og:description\" content=\"Po\u015bredniczymy w sprzeda\u017cy i zakupie mieszka\u0144 od A do Z. Oferujemy kompleksow\u0105 obs\u0142ug\u0119 transakcji nieruchomo\u015bci w \u0141odzi.\" \/>\n<meta property=\"og:url\" content=\"https:\/\/www.propertypro.pl\/posrednictwo\/polityka-prywatnosci\/\" \/>\n<meta property=\"article:publisher\" content=\"https:\/\/www.facebook.com\/PropertyProLodz\/\" \/>\n<meta property=\"article:modified_time\" content=\"2026-01-29T13:15:53+00:00\" \/>\n<meta property=\"og:image\" content=\"https:\/\/www.propertypro.pl\/posrednictwo\/wp-content\/uploads\/2025\/05\/PP-logo-prostokat-2-5000x2500-posrednictwo-scaled.png\" \/>\n\t<meta property=\"og:image:width\" content=\"2560\" \/>\n\t<meta property=\"og:image:height\" content=\"1280\" \/>\n\t<meta property=\"og:image:type\" content=\"image\/png\" \/>\n<meta name=\"twitter:card\" content=\"summary_large_image\" \/>\n<meta name=\"twitter:label1\" content=\"Szacowany czas czytania\" \/>\n\t<meta name=\"twitter:data1\" content=\"5 minut\" \/>\n<script type=\"application\/ld+json\" class=\"yoast-schema-graph\">{\"@context\":\"https:\\\/\\\/schema.org\",\"@graph\":[{\"@type\":\"WebPage\",\"@id\":\"https:\\\/\\\/www.propertypro.pl\\\/posrednictwo\\\/polityka-prywatnosci\\\/\",\"url\":\"https:\\\/\\\/www.propertypro.pl\\\/posrednictwo\\\/polityka-prywatnosci\\\/\",\"name\":\"Polityka Prywatno\u015bci -\",\"isPartOf\":{\"@id\":\"https:\\\/\\\/www.propertypro.pl\\\/posrednictwo\\\/#website\"},\"datePublished\":\"2024-12-14T16:50:43+00:00\",\"dateModified\":\"2026-01-29T13:15:53+00:00\",\"breadcrumb\":{\"@id\":\"https:\\\/\\\/www.propertypro.pl\\\/posrednictwo\\\/polityka-prywatnosci\\\/#breadcrumb\"},\"inLanguage\":\"pl-PL\",\"potentialAction\":[{\"@type\":\"ReadAction\",\"target\":[\"https:\\\/\\\/www.propertypro.pl\\\/posrednictwo\\\/polityka-prywatnosci\\\/\"]}]},{\"@type\":\"BreadcrumbList\",\"@id\":\"https:\\\/\\\/www.propertypro.pl\\\/posrednictwo\\\/polityka-prywatnosci\\\/#breadcrumb\",\"itemListElement\":[{\"@type\":\"ListItem\",\"position\":1,\"name\":\"Strona g\u0142\u00f3wna\",\"item\":\"https:\\\/\\\/www.propertypro.pl\\\/posrednictwo\\\/\"},{\"@type\":\"ListItem\",\"position\":2,\"name\":\"Polityka Prywatno\u015bci\"}]},{\"@type\":\"WebSite\",\"@id\":\"https:\\\/\\\/www.propertypro.pl\\\/posrednictwo\\\/#website\",\"url\":\"https:\\\/\\\/www.propertypro.pl\\\/posrednictwo\\\/\",\"name\":\"Masz mieszkanie na wynajem? Zle\u0107 nam jego zarz\u0105dzanie!\",\"description\":\"Chcesz sprzeda\u0107 lub kupi\u0107 mieszkanie? Zle\u0107 to profesjonalistom takim jak my!\",\"publisher\":{\"@id\":\"https:\\\/\\\/www.propertypro.pl\\\/posrednictwo\\\/#organization\"},\"potentialAction\":[{\"@type\":\"SearchAction\",\"target\":{\"@type\":\"EntryPoint\",\"urlTemplate\":\"https:\\\/\\\/www.propertypro.pl\\\/posrednictwo\\\/?s={search_term_string}\"},\"query-input\":{\"@type\":\"PropertyValueSpecification\",\"valueRequired\":true,\"valueName\":\"search_term_string\"}}],\"inLanguage\":\"pl-PL\"},{\"@type\":\"Organization\",\"@id\":\"https:\\\/\\\/www.propertypro.pl\\\/posrednictwo\\\/#organization\",\"name\":\"PropertyPro\",\"url\":\"https:\\\/\\\/www.propertypro.pl\\\/posrednictwo\\\/\",\"logo\":{\"@type\":\"ImageObject\",\"inLanguage\":\"pl-PL\",\"@id\":\"https:\\\/\\\/www.propertypro.pl\\\/posrednictwo\\\/#\\\/schema\\\/logo\\\/image\\\/\",\"url\":\"https:\\\/\\\/www.propertypro.pl\\\/posrednictwo\\\/wp-content\\\/uploads\\\/2024\\\/12\\\/cropped-PP-logo-tylko-domek.png\",\"contentUrl\":\"https:\\\/\\\/www.propertypro.pl\\\/posrednictwo\\\/wp-content\\\/uploads\\\/2024\\\/12\\\/cropped-PP-logo-tylko-domek.png\",\"width\":512,\"height\":512,\"caption\":\"PropertyPro\"},\"image\":{\"@id\":\"https:\\\/\\\/www.propertypro.pl\\\/posrednictwo\\\/#\\\/schema\\\/logo\\\/image\\\/\"},\"sameAs\":[\"https:\\\/\\\/www.facebook.com\\\/PropertyProLodz\\\/\"]}]}<\/script>\n<!-- \/ Yoast SEO plugin. -->","yoast_head_json":{"title":"Polityka Prywatno\u015bci -","robots":{"index":"index","follow":"follow","max-snippet":"max-snippet:-1","max-image-preview":"max-image-preview:large","max-video-preview":"max-video-preview:-1"},"canonical":"https:\/\/www.propertypro.pl\/posrednictwo\/polityka-prywatnosci\/","og_locale":"pl_PL","og_type":"article","og_title":"Chcesz sprzeda\u0107 lub kupi\u0107 mieszkanie w \u0141odzi? Z nami zrobisz to szybko, bezpiecznie i korzystnie!","og_description":"Po\u015bredniczymy w sprzeda\u017cy i zakupie mieszka\u0144 od A do Z. Oferujemy kompleksow\u0105 obs\u0142ug\u0119 transakcji nieruchomo\u015bci w \u0141odzi.","og_url":"https:\/\/www.propertypro.pl\/posrednictwo\/polityka-prywatnosci\/","article_publisher":"https:\/\/www.facebook.com\/PropertyProLodz\/","article_modified_time":"2026-01-29T13:15:53+00:00","og_image":[{"width":2560,"height":1280,"url":"https:\/\/www.propertypro.pl\/posrednictwo\/wp-content\/uploads\/2025\/05\/PP-logo-prostokat-2-5000x2500-posrednictwo-scaled.png","type":"image\/png"}],"twitter_card":"summary_large_image","twitter_misc":{"Szacowany czas czytania":"5 minut"},"schema":{"@context":"https:\/\/schema.org","@graph":[{"@type":"WebPage","@id":"https:\/\/www.propertypro.pl\/posrednictwo\/polityka-prywatnosci\/","url":"https:\/\/www.propertypro.pl\/posrednictwo\/polityka-prywatnosci\/","name":"Polityka Prywatno\u015bci -","isPartOf":{"@id":"https:\/\/www.propertypro.pl\/posrednictwo\/#website"},"datePublished":"2024-12-14T16:50:43+00:00","dateModified":"2026-01-29T13:15:53+00:00","breadcrumb":{"@id":"https:\/\/www.propertypro.pl\/posrednictwo\/polityka-prywatnosci\/#breadcrumb"},"inLanguage":"pl-PL","potentialAction":[{"@type":"ReadAction","target":["https:\/\/www.propertypro.pl\/posrednictwo\/polityka-prywatnosci\/"]}]},{"@type":"BreadcrumbList","@id":"https:\/\/www.propertypro.pl\/posrednictwo\/polityka-prywatnosci\/#breadcrumb","itemListElement":[{"@type":"ListItem","position":1,"name":"Strona g\u0142\u00f3wna","item":"https:\/\/www.propertypro.pl\/posrednictwo\/"},{"@type":"ListItem","position":2,"name":"Polityka Prywatno\u015bci"}]},{"@type":"WebSite","@id":"https:\/\/www.propertypro.pl\/posrednictwo\/#website","url":"https:\/\/www.propertypro.pl\/posrednictwo\/","name":"Masz mieszkanie na wynajem? Zle\u0107 nam jego zarz\u0105dzanie!","description":"Chcesz sprzeda\u0107 lub kupi\u0107 mieszkanie? Zle\u0107 to profesjonalistom takim jak my!","publisher":{"@id":"https:\/\/www.propertypro.pl\/posrednictwo\/#organization"},"potentialAction":[{"@type":"SearchAction","target":{"@type":"EntryPoint","urlTemplate":"https:\/\/www.propertypro.pl\/posrednictwo\/?s={search_term_string}"},"query-input":{"@type":"PropertyValueSpecification","valueRequired":true,"valueName":"search_term_string"}}],"inLanguage":"pl-PL"},{"@type":"Organization","@id":"https:\/\/www.propertypro.pl\/posrednictwo\/#organization","name":"PropertyPro","url":"https:\/\/www.propertypro.pl\/posrednictwo\/","logo":{"@type":"ImageObject","inLanguage":"pl-PL","@id":"https:\/\/www.propertypro.pl\/posrednictwo\/#\/schema\/logo\/image\/","url":"https:\/\/www.propertypro.pl\/posrednictwo\/wp-content\/uploads\/2024\/12\/cropped-PP-logo-tylko-domek.png","contentUrl":"https:\/\/www.propertypro.pl\/posrednictwo\/wp-content\/uploads\/2024\/12\/cropped-PP-logo-tylko-domek.png","width":512,"height":512,"caption":"PropertyPro"},"image":{"@id":"https:\/\/www.propertypro.pl\/posrednictwo\/#\/schema\/logo\/image\/"},"sameAs":["https:\/\/www.facebook.com\/PropertyProLodz\/"]}]}},"uagb_featured_image_src":{"full":false,"thumbnail":false,"medium":false,"medium_large":false,"large":false,"1536x1536":false,"2048x2048":false},"uagb_author_info":{"display_name":"admin","author_link":"https:\/\/www.propertypro.pl\/posrednictwo\/blog\/author\/admin\/"},"uagb_comment_info":0,"uagb_excerpt":"Polityka Prywatno\u015bci Administratorem danych na tej stronie www jest PropertyPro sp. z o.o. z siedzib\u0105 w \u0141odzi przy ul. Wojska [&hellip;]","_links":{"self":[{"href":"https:\/\/www.propertypro.pl\/posrednictwo\/wp-json\/wp\/v2\/pages\/1341","targetHints":{"allow":["GET"]}}],"collection":[{"href":"https:\/\/www.propertypro.pl\/posrednictwo\/wp-json\/wp\/v2\/pages"}],"about":[{"href":"https:\/\/www.propertypro.pl\/posrednictwo\/wp-json\/wp\/v2\/types\/page"}],"author":[{"embeddable":true,"href":"https:\/\/www.propertypro.pl\/posrednictwo\/wp-json\/wp\/v2\/users\/1"}],"replies":[{"embeddable":true,"href":"https:\/\/www.propertypro.pl\/posrednictwo\/wp-json\/wp\/v2\/comments?post=1341"}],"version-history":[{"count":8,"href":"https:\/\/www.propertypro.pl\/posrednictwo\/wp-json\/wp\/v2\/pages\/1341\/revisions"}],"predecessor-version":[{"id":2174,"href":"https:\/\/www.propertypro.pl\/posrednictwo\/wp-json\/wp\/v2\/pages\/1341\/revisions\/2174"}],"wp:attachment":[{"href":"https:\/\/www.propertypro.pl\/posrednictwo\/wp-json\/wp\/v2\/media?parent=1341"}],"curies":[{"name":"wp","href":"https:\/\/api.w.org\/{rel}","templated":true}]}}