{"id":1364,"date":"2024-12-14T17:50:56","date_gmt":"2024-12-14T17:50:56","guid":{"rendered":"https:\/\/www.propertypro.pl\/posrednictwo\/?page_id=1364"},"modified":"2025-06-11T11:09:28","modified_gmt":"2025-06-11T11:09:28","slug":"kontakt","status":"publish","type":"page","link":"https:\/\/www.propertypro.pl\/posrednictwo\/kontakt\/","title":{"rendered":"Kontakt"},"content":{"rendered":"\n<div class=\"wp-block-uagb-container uagb-block-4902463a alignfull uagb-is-root-container\"><div class=\"uagb-container-inner-blocks-wrap\">\n<div class=\"wp-block-uagb-advanced-heading uagb-block-a651693a\"><div class=\"uagb-separator\"><\/div><h1 class=\"uagb-heading-text\">Skontaktuj si\u0119 z nami dzisiaj<\/h1><\/div>\n<\/div><\/div>\n\n\n\n<div class=\"wp-block-uagb-container uagb-block-cfe1309e alignfull uagb-is-root-container\"><div class=\"uagb-container-inner-blocks-wrap\">\n<div class=\"wp-block-uagb-advanced-heading uagb-block-c50eef20\"><div class=\"uagb-separator\"><\/div><h2 class=\"uagb-heading-text\">Dowiedz si\u0119, jak bezpiecznie przeprowadzi\u0107 transakcj\u0119 nieruchomo\u015bci \u2014 zostaw kontakt!<\/h2><p class=\"uagb-desc-text\">Masz pytania dotycz\u0105ce wsp\u00f3\u0142pracy, chcesz um\u00f3wi\u0107 spotkanie? <br>Skontaktuj si\u0119 z nami \u2013 ch\u0119tnie doradzimy i odpowiemy na ka\u017cde pytanie.<\/p><\/div>\n\n\n\n<div class=\"wp-block-uagb-container uagb-layout-flex uagb-block-5198926b\">\n<div class=\"wp-block-uagb-container uagb-block-0f69b3e5\">\n\n<div class=\"wpcf7 no-js\" id=\"wpcf7-f1365-o1\" lang=\"pl-PL\" dir=\"ltr\" data-wpcf7-id=\"1365\">\n<div class=\"screen-reader-response\"><p role=\"status\" aria-live=\"polite\" aria-atomic=\"true\"><\/p> <ul><\/ul><\/div>\n<form action=\"\/posrednictwo\/wp-json\/wp\/v2\/pages\/1364#wpcf7-f1365-o1\" method=\"post\" class=\"wpcf7-form init\" aria-label=\"Formularz kontaktowy\" novalidate=\"novalidate\" data-status=\"init\">\n<fieldset class=\"hidden-fields-container\"><input type=\"hidden\" name=\"_wpcf7\" value=\"1365\" \/><input type=\"hidden\" name=\"_wpcf7_version\" value=\"6.1.5\" \/><input type=\"hidden\" name=\"_wpcf7_locale\" value=\"pl_PL\" \/><input type=\"hidden\" name=\"_wpcf7_unit_tag\" value=\"wpcf7-f1365-o1\" \/><input type=\"hidden\" name=\"_wpcf7_container_post\" value=\"0\" \/><input type=\"hidden\" name=\"_wpcf7_posted_data_hash\" value=\"\" \/><input type=\"hidden\" name=\"_wpcf7_recaptcha_response\" value=\"\" \/>\n<\/fieldset>\n<p><label> imi\u0119\n\t\t<font color=red>*\n\t\t<\/font><br \/>\n<span class=\"wpcf7-form-control-wrap\" data-name=\"your-name\"><input size=\"40\" maxlength=\"400\" class=\"wpcf7-form-control wpcf7-text wpcf7-validates-as-required\" autocomplete=\"name\" aria-required=\"true\" aria-invalid=\"false\" value=\"\" type=\"text\" name=\"your-name\" \/><\/span> <\/label>\n<\/p>\n<p><label> numer telefonu\n\t\t<font color=red>*\n\t\t<\/font><br \/>\n<span class=\"wpcf7-form-control-wrap\" data-name=\"your-phone\"><input size=\"40\" maxlength=\"400\" class=\"wpcf7-form-control wpcf7-tel wpcf7-validates-as-required wpcf7-text wpcf7-validates-as-tel\" autocomplete=\"tel\" aria-required=\"true\" aria-invalid=\"false\" value=\"\" type=\"tel\" name=\"your-phone\" \/><\/span><\/label>\n<\/p>\n<p><label> adres e-mail\n\t\t<font color=red>*\n\t\t<\/font><br \/>\n<span class=\"wpcf7-form-control-wrap\" data-name=\"your-email\"><input size=\"40\" maxlength=\"400\" class=\"wpcf7-form-control wpcf7-email wpcf7-validates-as-required wpcf7-text wpcf7-validates-as-email\" autocomplete=\"email\" aria-required=\"true\" aria-invalid=\"false\" value=\"\" type=\"email\" name=\"your-email\" \/><\/span> <\/label>\n<\/p>\n<p><label> wiadomo\u015b\u0107\n\t\t<font color=red>*\n\t\t<\/font><br \/>\n<span class=\"wpcf7-form-control-wrap\" data-name=\"your-message\"><textarea cols=\"40\" rows=\"10\" maxlength=\"1500\" class=\"wpcf7-form-control wpcf7-textarea wpcf7-validates-as-required\" aria-required=\"true\" aria-invalid=\"false\" name=\"your-message\"><\/textarea><\/span> <\/label>\n<\/p>\n<p><span class=\"wpcf7-form-control-wrap\" data-name=\"acceptance-660\"><span class=\"wpcf7-form-control wpcf7-acceptance\"><span class=\"wpcf7-list-item\"><label><input type=\"checkbox\" name=\"acceptance-660\" value=\"1\" aria-invalid=\"false\" \/><span class=\"wpcf7-list-item-label\">Zgoda na przetwarzanie danych zgodnie z <a href=\"https:\/\/www.propertypro.pl\/posrednictwo\/polityka-prywatnosci\/\">Polityk\u0105 Prywatno\u015bci<\/a> <font color=red>*<\/font><\/span><\/label><\/span><\/span><\/span>\n<\/p>\n<p>\n\t<font color=red>*\n\t<\/font> pola obowi\u0105zkowe\n<\/p>\n<p><input class=\"wpcf7-form-control wpcf7-submit has-spinner\" type=\"submit\" value=\"Wy\u015blij wiadomo\u015b\u0107\" \/>\n<\/p><input type='hidden' class='wpcf7-pum' value='{\"closepopup\":false,\"closedelay\":0,\"openpopup\":false,\"openpopup_id\":0}' \/><div class=\"wpcf7-response-output\" aria-hidden=\"true\"><\/div>\n<\/form>\n<\/div>\n\n<\/div>\n\n\n\n<div class=\"wp-block-uagb-container uagb-layout-grid uagb-block-cbaaf051\">\n<div class=\"wp-block-uagb-container uagb-block-3220394a\">\n<div class=\"wp-block-uagb-container uagb-block-22ee068b\">\n<div class=\"wp-block-columns is-layout-flex wp-container-core-columns-is-layout-28f84493 wp-block-columns-is-layout-flex\">\n<div class=\"wp-block-column is-layout-flow wp-block-column-is-layout-flow\">\n<div class=\"wp-block-uagb-advanced-heading uagb-block-827b5b12\"><p class=\"uagb-heading-text\">Telefon<\/p><p class=\"uagb-desc-text\"><a href=\"tel:+48426702009\" target=\"_blank\" rel=\"noreferrer noopener nofollow\">+48 42 670 2009<\/a>\u2028<\/p><\/div>\n<\/div>\n\n\n\n<div class=\"wp-block-column is-layout-flow wp-block-column-is-layout-flow\">\n<div class=\"wp-block-uagb-buttons uagb-buttons__outer-wrap uagb-btn__default-btn uagb-btn-tablet__default-btn uagb-btn-mobile__default-btn uagb-block-f785f862\"><div class=\"uagb-buttons__wrap uagb-buttons-layout-wrap \">\n<div class=\"wp-block-uagb-buttons-child uagb-buttons__outer-wrap uagb-block-c40a0d68 wp-block-button\"><div class=\"uagb-button__wrapper\"><a class=\"uagb-buttons-repeater wp-block-button__link\" aria-label=\"\" href=\"tel:+48426702009\" rel=\"nofollow noopener\" target=\"_blank\" role=\"button\"><span class=\"uagb-button__icon uagb-button__icon-position-before\"><svg xmlns=\"https:\/\/www.w3.org\/2000\/svg\" viewBox=\"0 0 448 512\" aria-hidden=\"true\" focussable=\"false\"><path d=\"M438.6 278.6l-160 160C272.4 444.9 264.2 448 256 448s-16.38-3.125-22.62-9.375c-12.5-12.5-12.5-32.75 0-45.25L338.8 288H32C14.33 288 .0016 273.7 .0016 256S14.33 224 32 224h306.8l-105.4-105.4c-12.5-12.5-12.5-32.75 0-45.25s32.75-12.5 45.25 0l160 160C451.1 245.9 451.1 266.1 438.6 278.6z\"><\/path><\/svg><\/span><div class=\"uagb-button__link\">ZADZWO\u0143<\/div><\/a><\/div><\/div>\n<\/div><\/div>\n<\/div>\n<\/div>\n<\/div>\n\n\n\n<div class=\"wp-block-uagb-advanced-heading uagb-block-87497a08\"><p class=\"uagb-heading-text\">Email<\/p><p class=\"uagb-desc-text\"><a href=\"mailto:kontakt@propertypro.pl?subject=Pytanie o zarz\u0105dzanie najmem mieszkania\" target=\"_blank\" rel=\"noreferrer noopener nofollow\">kontakt@propertypro.pl\u2028<\/a><\/p><\/div>\n\n\n\n<div class=\"wp-block-uagb-advanced-heading uagb-block-7da06fd8\"><p class=\"uagb-heading-text\">Adres<\/p><p class=\"uagb-desc-text\"><a href=\"https:\/\/maps.app.goo.gl\/drP65seBaQBgT4ZU9\" data-type=\"link\" data-id=\"https:\/\/maps.app.goo.gl\/drP65seBaQBgT4ZU9\" target=\"_blank\" rel=\"noreferrer noopener nofollow\">ul. Wojska Polskiego 108A lokal 101, 91-743 \u0141\u00f3d\u017a<\/a><\/p><\/div>\n<\/div>\n\n\n\n<div class=\"wp-block-uagb-container uagb-block-e9bd7802\">\n<p class=\"has-text-align-center\">Jeste\u015bmy zlokalizowani w centrum \u0141odzi \u2013 wygodny dojazd zar\u00f3wno samochodem, jak i komunikacj\u0105 miejsk\u0105. <br>Kliknij w <a href=\"https:\/\/www.google.com\/maps\/dir\/\/PropertyPro+-+opieka+i+zarz%C4%85dzanie+wynajmem+mieszka%C5%84+-+%C5%81%C3%B3d%C5%BA,+Wojska+Polskiego+108A%2Flok+101,+91-743+%C5%81%C3%B3d%C5%BA\/@51.7882299,19.471719,17z\/data=!4m9!4m8!1m0!1m5!1m1!1s0x471bcb1b58fef609:0x7dc35a37aaff99e9!2m2!1d19.4742939!2d51.7882299!3e0?entry=ttu&amp;g_ep=EgoyMDI1MDUxMy4xIKXMDSoASAFQAw%3D%3D\" target=\"_blank\" rel=\"noreferrer noopener\">map\u0119 Google<\/a> i zaplanuj tras\u0119.<\/p>\n<\/div>\n<\/div>\n<\/div>\n<\/div><\/div>\n\n\n\n<div class=\"wp-block-uagb-container uagb-block-804a406b alignfull uagb-is-root-container\"><div class=\"uagb-container-inner-blocks-wrap\">\n<div class=\"wp-block-uagb-info-box uagb-block-fd4425a9 uagb-infobox__content-wrap  uagb-infobox-icon-above-title uagb-infobox-image-valign-top wp-block-uagb-info-box--has-margin\"><div class=\"uagb-infobox-margin-wrapper\"><div class=\"uagb-ifb-content\"><div class=\"uagb-ifb-title-wrap\"><div class=\"uagb-ifb-separator\"><\/div><h2 class=\"uagb-ifb-title\">Masz pytania? Chcesz si\u0119 upewni\u0107, \u017ce niczego nie przeoczysz?<\/h2><\/div><p class=\"uagb-ifb-desc\">Porozmawiaj z nami \u2013 wyja\u015bnimy wszystko krok po kroku.<\/p><div class=\"uagb-ifb-button-wrapper wp-block-button\"><a href=\"\/posrednictwo\/kontakt\/\" class=\"uagb-infobox-cta-link wp-block-button__link\" target=\"_self\" rel=\"noopener noreferrer\" onclick=\"return true;\"><svg xmlns=\"https:\/\/www.w3.org\/2000\/svg\" viewBox=\"0 0 512 512\"><path d=\"M502.6 278.6l-128 128c-12.51 12.51-32.76 12.49-45.25 0c-12.5-12.5-12.5-32.75 0-45.25L402.8 288H32C14.31 288 0 273.7 0 255.1S14.31 224 32 224h370.8l-73.38-73.38c-12.5-12.5-12.5-32.75 0-45.25s32.75-12.5 45.25 0l128 128C515.1 245.9 515.1 266.1 502.6 278.6z\"><\/path><\/svg><span class=\"uagb-inline-editing\">Skontaktuj si\u0119 z nami<\/span><\/a><\/div><\/div><\/div><\/div>\n<\/div><\/div>\n\n\n\n<div class=\"wp-block-uagb-container uagb-block-5c7e11d2 alignfull uagb-is-root-container\"><div class=\"uagb-container-inner-blocks-wrap\">\n<script>\n    window.GPTTConfig = {\n        uuid: \"eca90eafecf6420ba83cb02729c4b228\"\n    }\n<\/script>\n<script\n  src=\"https:\/\/app.gpt-trainer.com\/widget-asset.min.js\"\n  defer\n>\n<\/script>\n<\/div><\/div>\n","protected":false},"excerpt":{"rendered":"<p>Skontaktuj si\u0119 z nami dzisiaj Dowiedz si\u0119, jak bezpiecznie przeprowadzi\u0107 transakcj\u0119 nieruchomo\u015bci \u2014 zostaw kontakt! Masz pytania dotycz\u0105ce wsp\u00f3\u0142pracy, chcesz [&hellip;]<\/p>\n","protected":false},"author":1,"featured_media":0,"parent":0,"menu_order":0,"comment_status":"closed","ping_status":"closed","template":"","meta":{"_uag_custom_page_level_css":"","site-sidebar-layout":"default","site-content-layout":"","ast-site-content-layout":"default","site-content-style":"default","site-sidebar-style":"default","ast-global-header-display":"","ast-banner-title-visibility":"","ast-main-header-display":"","ast-hfb-above-header-display":"","ast-hfb-below-header-display":"","ast-hfb-mobile-header-display":"","site-post-title":"disabled","ast-breadcrumbs-content":"","ast-featured-img":"","footer-sml-layout":"","ast-disable-related-posts":"","theme-transparent-header-meta":"","adv-header-id-meta":"","stick-header-meta":"","header-above-stick-meta":"","header-main-stick-meta":"","header-below-stick-meta":"","astra-migrate-meta-layouts":"default","ast-page-background-enabled":"default","ast-page-background-meta":{"desktop":{"background-color":"var(--ast-global-color-4)","background-image":"","background-repeat":"repeat","background-position":"center center","background-size":"auto","background-attachment":"scroll","background-type":"","background-media":"","overlay-type":"","overlay-color":"","overlay-opacity":"","overlay-gradient":""},"tablet":{"background-color":"","background-image":"","background-repeat":"repeat","background-position":"center center","background-size":"auto","background-attachment":"scroll","background-type":"","background-media":"","overlay-type":"","overlay-color":"","overlay-opacity":"","overlay-gradient":""},"mobile":{"background-color":"","background-image":"","background-repeat":"repeat","background-position":"center center","background-size":"auto","background-attachment":"scroll","background-type":"","background-media":"","overlay-type":"","overlay-color":"","overlay-opacity":"","overlay-gradient":""}},"ast-content-background-meta":{"desktop":{"background-color":"var(--ast-global-color-5)","background-image":"","background-repeat":"repeat","background-position":"center center","background-size":"auto","background-attachment":"scroll","background-type":"","background-media":"","overlay-type":"","overlay-color":"","overlay-opacity":"","overlay-gradient":""},"tablet":{"background-color":"var(--ast-global-color-5)","background-image":"","background-repeat":"repeat","background-position":"center center","background-size":"auto","background-attachment":"scroll","background-type":"","background-media":"","overlay-type":"","overlay-color":"","overlay-opacity":"","overlay-gradient":""},"mobile":{"background-color":"var(--ast-global-color-5)","background-image":"","background-repeat":"repeat","background-position":"center center","background-size":"auto","background-attachment":"scroll","background-type":"","background-media":"","overlay-type":"","overlay-color":"","overlay-opacity":"","overlay-gradient":""}},"footnotes":""},"class_list":["post-1364","page","type-page","status-publish","hentry"],"yoast_head":"<!-- This site is optimized with the Yoast SEO plugin v27.4 - https:\/\/yoast.com\/product\/yoast-seo-wordpress\/ -->\n<title>Kontakt -<\/title>\n<meta name=\"robots\" content=\"index, follow, max-snippet:-1, max-image-preview:large, max-video-preview:-1\" \/>\n<link rel=\"canonical\" href=\"https:\/\/www.propertypro.pl\/posrednictwo\/kontakt\/\" \/>\n<meta property=\"og:locale\" content=\"pl_PL\" \/>\n<meta property=\"og:type\" content=\"article\" \/>\n<meta property=\"og:title\" content=\"Chcesz sprzeda\u0107 lub kupi\u0107 mieszkanie w \u0141odzi? Z nami zrobisz to szybko, bezpiecznie i korzystnie!\" \/>\n<meta property=\"og:description\" content=\"Po\u015bredniczymy w sprzeda\u017cy i zakupie mieszka\u0144 od A do Z. Oferujemy kompleksow\u0105 obs\u0142ug\u0119 transakcji nieruchomo\u015bci w \u0141odzi.\" \/>\n<meta property=\"og:url\" content=\"https:\/\/www.propertypro.pl\/posrednictwo\/kontakt\/\" \/>\n<meta property=\"article:publisher\" content=\"https:\/\/www.facebook.com\/PropertyProLodz\/\" \/>\n<meta property=\"article:modified_time\" content=\"2025-06-11T11:09:28+00:00\" \/>\n<meta property=\"og:image\" content=\"https:\/\/www.propertypro.pl\/posrednictwo\/wp-content\/uploads\/2025\/05\/PP-logo-prostokat-2-5000x2500-posrednictwo-scaled.png\" \/>\n\t<meta property=\"og:image:width\" content=\"2560\" \/>\n\t<meta property=\"og:image:height\" content=\"1280\" \/>\n\t<meta property=\"og:image:type\" content=\"image\/png\" \/>\n<meta name=\"twitter:card\" content=\"summary_large_image\" \/>\n<meta name=\"twitter:title\" content=\"Chcesz sprzeda\u0107 lub kupi\u0107 mieszkanie w \u0141odzi? Z nami zrobisz to szybko, bezpiecznie i korzystnie!\" \/>\n<meta name=\"twitter:description\" content=\"Po\u015bredniczymy w sprzeda\u017cy i zakupie mieszka\u0144 od A do Z. Oferujemy kompleksow\u0105 obs\u0142ug\u0119 transakcji nieruchomo\u015bci w \u0141odzi.\" \/>\n<meta name=\"twitter:image\" content=\"https:\/\/www.propertypro.pl\/posrednictwo\/wp-content\/uploads\/2025\/05\/PP-logo-prostokat-2-5000x2500-posrednictwo-scaled.png\" \/>\n<meta name=\"twitter:label1\" content=\"Szacowany czas czytania\" \/>\n\t<meta name=\"twitter:data1\" content=\"1 minuta\" \/>\n<script type=\"application\/ld+json\" class=\"yoast-schema-graph\">{\"@context\":\"https:\\\/\\\/schema.org\",\"@graph\":[{\"@type\":[\"WebPage\",\"ContactPage\"],\"@id\":\"https:\\\/\\\/www.propertypro.pl\\\/posrednictwo\\\/kontakt\\\/\",\"url\":\"https:\\\/\\\/www.propertypro.pl\\\/posrednictwo\\\/kontakt\\\/\",\"name\":\"Kontakt -\",\"isPartOf\":{\"@id\":\"https:\\\/\\\/www.propertypro.pl\\\/posrednictwo\\\/#website\"},\"datePublished\":\"2024-12-14T17:50:56+00:00\",\"dateModified\":\"2025-06-11T11:09:28+00:00\",\"breadcrumb\":{\"@id\":\"https:\\\/\\\/www.propertypro.pl\\\/posrednictwo\\\/kontakt\\\/#breadcrumb\"},\"inLanguage\":\"pl-PL\",\"potentialAction\":[{\"@type\":\"ReadAction\",\"target\":[\"https:\\\/\\\/www.propertypro.pl\\\/posrednictwo\\\/kontakt\\\/\"]}]},{\"@type\":\"BreadcrumbList\",\"@id\":\"https:\\\/\\\/www.propertypro.pl\\\/posrednictwo\\\/kontakt\\\/#breadcrumb\",\"itemListElement\":[{\"@type\":\"ListItem\",\"position\":1,\"name\":\"Strona g\u0142\u00f3wna\",\"item\":\"https:\\\/\\\/www.propertypro.pl\\\/posrednictwo\\\/\"},{\"@type\":\"ListItem\",\"position\":2,\"name\":\"Kontakt\"}]},{\"@type\":\"WebSite\",\"@id\":\"https:\\\/\\\/www.propertypro.pl\\\/posrednictwo\\\/#website\",\"url\":\"https:\\\/\\\/www.propertypro.pl\\\/posrednictwo\\\/\",\"name\":\"Masz mieszkanie na wynajem? Zle\u0107 nam jego zarz\u0105dzanie!\",\"description\":\"Chcesz sprzeda\u0107 lub kupi\u0107 mieszkanie? Zle\u0107 to profesjonalistom takim jak my!\",\"publisher\":{\"@id\":\"https:\\\/\\\/www.propertypro.pl\\\/posrednictwo\\\/#organization\"},\"potentialAction\":[{\"@type\":\"SearchAction\",\"target\":{\"@type\":\"EntryPoint\",\"urlTemplate\":\"https:\\\/\\\/www.propertypro.pl\\\/posrednictwo\\\/?s={search_term_string}\"},\"query-input\":{\"@type\":\"PropertyValueSpecification\",\"valueRequired\":true,\"valueName\":\"search_term_string\"}}],\"inLanguage\":\"pl-PL\"},{\"@type\":\"Organization\",\"@id\":\"https:\\\/\\\/www.propertypro.pl\\\/posrednictwo\\\/#organization\",\"name\":\"PropertyPro\",\"url\":\"https:\\\/\\\/www.propertypro.pl\\\/posrednictwo\\\/\",\"logo\":{\"@type\":\"ImageObject\",\"inLanguage\":\"pl-PL\",\"@id\":\"https:\\\/\\\/www.propertypro.pl\\\/posrednictwo\\\/#\\\/schema\\\/logo\\\/image\\\/\",\"url\":\"https:\\\/\\\/www.propertypro.pl\\\/posrednictwo\\\/wp-content\\\/uploads\\\/2024\\\/12\\\/cropped-PP-logo-tylko-domek.png\",\"contentUrl\":\"https:\\\/\\\/www.propertypro.pl\\\/posrednictwo\\\/wp-content\\\/uploads\\\/2024\\\/12\\\/cropped-PP-logo-tylko-domek.png\",\"width\":512,\"height\":512,\"caption\":\"PropertyPro\"},\"image\":{\"@id\":\"https:\\\/\\\/www.propertypro.pl\\\/posrednictwo\\\/#\\\/schema\\\/logo\\\/image\\\/\"},\"sameAs\":[\"https:\\\/\\\/www.facebook.com\\\/PropertyProLodz\\\/\"]}]}<\/script>\n<!-- \/ Yoast SEO plugin. -->","yoast_head_json":{"title":"Kontakt -","robots":{"index":"index","follow":"follow","max-snippet":"max-snippet:-1","max-image-preview":"max-image-preview:large","max-video-preview":"max-video-preview:-1"},"canonical":"https:\/\/www.propertypro.pl\/posrednictwo\/kontakt\/","og_locale":"pl_PL","og_type":"article","og_title":"Chcesz sprzeda\u0107 lub kupi\u0107 mieszkanie w \u0141odzi? Z nami zrobisz to szybko, bezpiecznie i korzystnie!","og_description":"Po\u015bredniczymy w sprzeda\u017cy i zakupie mieszka\u0144 od A do Z. Oferujemy kompleksow\u0105 obs\u0142ug\u0119 transakcji nieruchomo\u015bci w \u0141odzi.","og_url":"https:\/\/www.propertypro.pl\/posrednictwo\/kontakt\/","article_publisher":"https:\/\/www.facebook.com\/PropertyProLodz\/","article_modified_time":"2025-06-11T11:09:28+00:00","og_image":[{"width":2560,"height":1280,"url":"https:\/\/www.propertypro.pl\/posrednictwo\/wp-content\/uploads\/2025\/05\/PP-logo-prostokat-2-5000x2500-posrednictwo-scaled.png","type":"image\/png"}],"twitter_card":"summary_large_image","twitter_title":"Chcesz sprzeda\u0107 lub kupi\u0107 mieszkanie w \u0141odzi? Z nami zrobisz to szybko, bezpiecznie i korzystnie!","twitter_description":"Po\u015bredniczymy w sprzeda\u017cy i zakupie mieszka\u0144 od A do Z. Oferujemy kompleksow\u0105 obs\u0142ug\u0119 transakcji nieruchomo\u015bci w \u0141odzi.","twitter_image":"https:\/\/www.propertypro.pl\/posrednictwo\/wp-content\/uploads\/2025\/05\/PP-logo-prostokat-2-5000x2500-posrednictwo-scaled.png","twitter_misc":{"Szacowany czas czytania":"1 minuta"},"schema":{"@context":"https:\/\/schema.org","@graph":[{"@type":["WebPage","ContactPage"],"@id":"https:\/\/www.propertypro.pl\/posrednictwo\/kontakt\/","url":"https:\/\/www.propertypro.pl\/posrednictwo\/kontakt\/","name":"Kontakt -","isPartOf":{"@id":"https:\/\/www.propertypro.pl\/posrednictwo\/#website"},"datePublished":"2024-12-14T17:50:56+00:00","dateModified":"2025-06-11T11:09:28+00:00","breadcrumb":{"@id":"https:\/\/www.propertypro.pl\/posrednictwo\/kontakt\/#breadcrumb"},"inLanguage":"pl-PL","potentialAction":[{"@type":"ReadAction","target":["https:\/\/www.propertypro.pl\/posrednictwo\/kontakt\/"]}]},{"@type":"BreadcrumbList","@id":"https:\/\/www.propertypro.pl\/posrednictwo\/kontakt\/#breadcrumb","itemListElement":[{"@type":"ListItem","position":1,"name":"Strona g\u0142\u00f3wna","item":"https:\/\/www.propertypro.pl\/posrednictwo\/"},{"@type":"ListItem","position":2,"name":"Kontakt"}]},{"@type":"WebSite","@id":"https:\/\/www.propertypro.pl\/posrednictwo\/#website","url":"https:\/\/www.propertypro.pl\/posrednictwo\/","name":"Masz mieszkanie na wynajem? Zle\u0107 nam jego zarz\u0105dzanie!","description":"Chcesz sprzeda\u0107 lub kupi\u0107 mieszkanie? Zle\u0107 to profesjonalistom takim jak my!","publisher":{"@id":"https:\/\/www.propertypro.pl\/posrednictwo\/#organization"},"potentialAction":[{"@type":"SearchAction","target":{"@type":"EntryPoint","urlTemplate":"https:\/\/www.propertypro.pl\/posrednictwo\/?s={search_term_string}"},"query-input":{"@type":"PropertyValueSpecification","valueRequired":true,"valueName":"search_term_string"}}],"inLanguage":"pl-PL"},{"@type":"Organization","@id":"https:\/\/www.propertypro.pl\/posrednictwo\/#organization","name":"PropertyPro","url":"https:\/\/www.propertypro.pl\/posrednictwo\/","logo":{"@type":"ImageObject","inLanguage":"pl-PL","@id":"https:\/\/www.propertypro.pl\/posrednictwo\/#\/schema\/logo\/image\/","url":"https:\/\/www.propertypro.pl\/posrednictwo\/wp-content\/uploads\/2024\/12\/cropped-PP-logo-tylko-domek.png","contentUrl":"https:\/\/www.propertypro.pl\/posrednictwo\/wp-content\/uploads\/2024\/12\/cropped-PP-logo-tylko-domek.png","width":512,"height":512,"caption":"PropertyPro"},"image":{"@id":"https:\/\/www.propertypro.pl\/posrednictwo\/#\/schema\/logo\/image\/"},"sameAs":["https:\/\/www.facebook.com\/PropertyProLodz\/"]}]}},"uagb_featured_image_src":{"full":false,"thumbnail":false,"medium":false,"medium_large":false,"large":false,"1536x1536":false,"2048x2048":false},"uagb_author_info":{"display_name":"admin","author_link":"https:\/\/www.propertypro.pl\/posrednictwo\/blog\/author\/admin\/"},"uagb_comment_info":0,"uagb_excerpt":"Skontaktuj si\u0119 z nami dzisiaj Dowiedz si\u0119, jak bezpiecznie przeprowadzi\u0107 transakcj\u0119 nieruchomo\u015bci \u2014 zostaw kontakt! Masz pytania dotycz\u0105ce wsp\u00f3\u0142pracy, chcesz [&hellip;]","_links":{"self":[{"href":"https:\/\/www.propertypro.pl\/posrednictwo\/wp-json\/wp\/v2\/pages\/1364","targetHints":{"allow":["GET"]}}],"collection":[{"href":"https:\/\/www.propertypro.pl\/posrednictwo\/wp-json\/wp\/v2\/pages"}],"about":[{"href":"https:\/\/www.propertypro.pl\/posrednictwo\/wp-json\/wp\/v2\/types\/page"}],"author":[{"embeddable":true,"href":"https:\/\/www.propertypro.pl\/posrednictwo\/wp-json\/wp\/v2\/users\/1"}],"replies":[{"embeddable":true,"href":"https:\/\/www.propertypro.pl\/posrednictwo\/wp-json\/wp\/v2\/comments?post=1364"}],"version-history":[{"count":27,"href":"https:\/\/www.propertypro.pl\/posrednictwo\/wp-json\/wp\/v2\/pages\/1364\/revisions"}],"predecessor-version":[{"id":2160,"href":"https:\/\/www.propertypro.pl\/posrednictwo\/wp-json\/wp\/v2\/pages\/1364\/revisions\/2160"}],"wp:attachment":[{"href":"https:\/\/www.propertypro.pl\/posrednictwo\/wp-json\/wp\/v2\/media?parent=1364"}],"curies":[{"name":"wp","href":"https:\/\/api.w.org\/{rel}","templated":true}]}}