{"id":2099,"date":"2025-06-03T13:39:31","date_gmt":"2025-06-03T13:39:31","guid":{"rendered":"https:\/\/www.propertypro.pl\/posrednictwo\/?page_id=2099"},"modified":"2025-06-11T10:36:16","modified_gmt":"2025-06-11T10:36:16","slug":"zapytaj-ai","status":"publish","type":"page","link":"https:\/\/www.propertypro.pl\/posrednictwo\/zapytaj-ai\/","title":{"rendered":"Zapytaj AI"},"content":{"rendered":"\n<div class=\"wp-block-uagb-container uagb-layout-flex uagb-block-4902463a alignfull uagb-is-root-container\"><div class=\"uagb-container-inner-blocks-wrap\">\n<div class=\"wp-block-uagb-advanced-heading uagb-block-a651693a\"><div class=\"uagb-separator\"><\/div><h1 class=\"uagb-heading-text\">Zapytaj AI<\/h1><\/div>\n<\/div><\/div>\n\n\n\n<div class=\"wp-block-uagb-container uagb-block-4a3616a7 alignfull uagb-is-root-container\"><div class=\"uagb-container-inner-blocks-wrap\">\n<div class=\"wp-block-uagb-container uagb-block-e3264f80\">\n<div class=\"wp-block-uagb-image uagb-block-503a8855 wp-block-uagb-image--layout-default wp-block-uagb-image--effect-static wp-block-uagb-image--align-none\"><figure class=\"wp-block-uagb-image__figure\"><img decoding=\"async\" srcset=\"https:\/\/www.propertypro.pl\/posrednictwo\/wp-content\/uploads\/2025\/06\/pexels-photo-7709208-7709208.jpg ,https:\/\/www.propertypro.pl\/posrednictwo\/wp-content\/uploads\/2025\/06\/pexels-photo-7709208-7709208.jpg 780w, https:\/\/www.propertypro.pl\/posrednictwo\/wp-content\/uploads\/2025\/06\/pexels-photo-7709208-7709208.jpg 360w\" sizes=\"auto, (max-width: 480px) 150px\" src=\"https:\/\/www.propertypro.pl\/posrednictwo\/wp-content\/uploads\/2025\/06\/pexels-photo-7709208-7709208.jpg\" alt=\"Young woman in glasses and headset providing customer support at a laptop in an office setting.\" class=\"uag-image-2114\" width=\"940\" height=\"627\" title=\"pexels-photo-7709208-7709208\" loading=\"lazy\" role=\"img\"\/><\/figure><\/div>\n<\/div>\n\n\n\n<div class=\"wp-block-uagb-container uagb-block-c0127a8f\">\n<p>Uruchomili\u015bmy wirtualnego asystenta PropertyPro. Odpowie Ci on na wszelkie pytania dotycz\u0105ce procesu zakupu i sprzeda\u017cy nieruchomo\u015bci oraz pomo\u017ce Ci znale\u017a\u0107 mieszkanie do zakupu. <\/p>\n\n\n\n<p>Je\u015bli potrzebujesz indywidualnej konsultacji, nasi eksperci s\u0105 r\u00f3wnie\u017c <a href=\"https:\/\/www.propertypro.pl\/posrednictwo\/kontakt\/\">do Twojej dyspozycji<\/a>. Zapoznaj si\u0119 z <a href=\"https:\/\/www.propertypro.pl\/posrednictwo\/oferta\/\">nasz\u0105 ofert\u0105 <\/a>i zdecyduj si\u0119 na profesjonaln\u0105 obs\u0142ug\u0119 zakupu lub sprzeda\u017cy nieruchomo\u015bci.<\/p>\n<\/div>\n<\/div><\/div>\n\n\n\n<div class=\"wp-block-uagb-container uagb-block-5c7e11d2 alignfull uagb-is-root-container\"><div class=\"uagb-container-inner-blocks-wrap\">\n<iframe loading=\"lazy\"\n  id=\"chatbot-widget-window-iframe\"\n  src=\"https:\/\/app.gpt-trainer.com\/widget\/eca90eafecf6420ba83cb02729c4b228\"\n  width=\"100%\"\n  height=\"800px\"\n  frameborder=\"0\"\n  allow=\"clipboard-read; clipboard-write\"\n><\/iframe>\n\n\n\n<script>\n    window.GPTTConfig = {\n        uuid: \"eca90eafecf6420ba83cb02729c4b228\"\n    }\n<\/script>\n<script\n  src=\"https:\/\/app.gpt-trainer.com\/widget-asset.min.js\"\n  defer\n>\n<\/script>\n<\/div><\/div>\n\n\n\n<div class=\"wp-block-uagb-container uagb-block-804a406b alignfull uagb-is-root-container\"><div class=\"uagb-container-inner-blocks-wrap\">\n<div class=\"wp-block-uagb-info-box uagb-block-fd4425a9 uagb-infobox__content-wrap  uagb-infobox-icon-above-title uagb-infobox-image-valign-top wp-block-uagb-info-box--has-margin\"><div class=\"uagb-infobox-margin-wrapper\"><div class=\"uagb-ifb-content\"><div class=\"uagb-ifb-title-wrap\"><div class=\"uagb-ifb-separator\"><\/div><h2 class=\"uagb-ifb-title\">Masz pytania? Chcesz si\u0119 upewni\u0107, \u017ce niczego nie przeoczysz?<\/h2><\/div><p class=\"uagb-ifb-desc\">Porozmawiaj z nami \u2013 wyja\u015bnimy wszystko krok po kroku.<\/p><div class=\"uagb-ifb-button-wrapper wp-block-button\"><a href=\"\/posrednictwo\/kontakt\/\" class=\"uagb-infobox-cta-link wp-block-button__link\" target=\"_self\" rel=\"noopener noreferrer\" onclick=\"return true;\"><svg xmlns=\"https:\/\/www.w3.org\/2000\/svg\" viewBox=\"0 0 512 512\"><path d=\"M502.6 278.6l-128 128c-12.51 12.51-32.76 12.49-45.25 0c-12.5-12.5-12.5-32.75 0-45.25L402.8 288H32C14.31 288 0 273.7 0 255.1S14.31 224 32 224h370.8l-73.38-73.38c-12.5-12.5-12.5-32.75 0-45.25s32.75-12.5 45.25 0l128 128C515.1 245.9 515.1 266.1 502.6 278.6z\"><\/path><\/svg><span class=\"uagb-inline-editing\">Skontaktuj si\u0119 z nami<\/span><\/a><\/div><\/div><\/div><\/div>\n<\/div><\/div>\n\n\n\n<div class=\"wp-block-uagb-container uagb-block-5c7e11d2 alignfull uagb-is-root-container\"><div class=\"uagb-container-inner-blocks-wrap\">\n<script>\n    window.GPTTConfig = {\n        uuid: \"eca90eafecf6420ba83cb02729c4b228\"\n    }\n<\/script>\n<script\n  src=\"https:\/\/app.gpt-trainer.com\/widget-asset.min.js\"\n  defer\n>\n<\/script>\n<\/div><\/div>\n","protected":false},"excerpt":{"rendered":"<p>Zapytaj AI Uruchomili\u015bmy wirtualnego asystenta PropertyPro. Odpowie Ci on na wszelkie pytania dotycz\u0105ce procesu zakupu i sprzeda\u017cy nieruchomo\u015bci oraz pomo\u017ce [&hellip;]<\/p>\n","protected":false},"author":1,"featured_media":0,"parent":0,"menu_order":0,"comment_status":"closed","ping_status":"closed","template":"","meta":{"_uag_custom_page_level_css":"","site-sidebar-layout":"default","site-content-layout":"","ast-site-content-layout":"default","site-content-style":"default","site-sidebar-style":"default","ast-global-header-display":"","ast-banner-title-visibility":"","ast-main-header-display":"","ast-hfb-above-header-display":"","ast-hfb-below-header-display":"","ast-hfb-mobile-header-display":"","site-post-title":"disabled","ast-breadcrumbs-content":"","ast-featured-img":"","footer-sml-layout":"","ast-disable-related-posts":"","theme-transparent-header-meta":"","adv-header-id-meta":"","stick-header-meta":"","header-above-stick-meta":"","header-main-stick-meta":"","header-below-stick-meta":"","astra-migrate-meta-layouts":"default","ast-page-background-enabled":"default","ast-page-background-meta":{"desktop":{"background-color":"var(--ast-global-color-4)","background-image":"","background-repeat":"repeat","background-position":"center center","background-size":"auto","background-attachment":"scroll","background-type":"","background-media":"","overlay-type":"","overlay-color":"","overlay-opacity":"","overlay-gradient":""},"tablet":{"background-color":"","background-image":"","background-repeat":"repeat","background-position":"center center","background-size":"auto","background-attachment":"scroll","background-type":"","background-media":"","overlay-type":"","overlay-color":"","overlay-opacity":"","overlay-gradient":""},"mobile":{"background-color":"","background-image":"","background-repeat":"repeat","background-position":"center center","background-size":"auto","background-attachment":"scroll","background-type":"","background-media":"","overlay-type":"","overlay-color":"","overlay-opacity":"","overlay-gradient":""}},"ast-content-background-meta":{"desktop":{"background-color":"var(--ast-global-color-5)","background-image":"","background-repeat":"repeat","background-position":"center center","background-size":"auto","background-attachment":"scroll","background-type":"","background-media":"","overlay-type":"","overlay-color":"","overlay-opacity":"","overlay-gradient":""},"tablet":{"background-color":"var(--ast-global-color-5)","background-image":"","background-repeat":"repeat","background-position":"center center","background-size":"auto","background-attachment":"scroll","background-type":"","background-media":"","overlay-type":"","overlay-color":"","overlay-opacity":"","overlay-gradient":""},"mobile":{"background-color":"var(--ast-global-color-5)","background-image":"","background-repeat":"repeat","background-position":"center center","background-size":"auto","background-attachment":"scroll","background-type":"","background-media":"","overlay-type":"","overlay-color":"","overlay-opacity":"","overlay-gradient":""}},"footnotes":""},"class_list":["post-2099","page","type-page","status-publish","hentry"],"yoast_head":"<!-- This site is optimized with the Yoast SEO plugin v27.4 - https:\/\/yoast.com\/product\/yoast-seo-wordpress\/ -->\n<title>Zapytaj AI -<\/title>\n<meta name=\"robots\" content=\"index, follow, max-snippet:-1, max-image-preview:large, max-video-preview:-1\" \/>\n<link rel=\"canonical\" href=\"https:\/\/www.propertypro.pl\/posrednictwo\/zapytaj-ai\/\" \/>\n<meta property=\"og:locale\" content=\"pl_PL\" \/>\n<meta property=\"og:type\" content=\"article\" \/>\n<meta property=\"og:title\" content=\"Chcesz sprzeda\u0107 lub kupi\u0107 mieszkanie w \u0141odzi? Z nami zrobisz to szybko, bezpiecznie i korzystnie!\" \/>\n<meta property=\"og:description\" content=\"Po\u015bredniczymy w sprzeda\u017cy i zakupie mieszka\u0144 od A do Z. Oferujemy kompleksow\u0105 obs\u0142ug\u0119 transakcji nieruchomo\u015bci w \u0141odzi.\" \/>\n<meta property=\"og:url\" content=\"https:\/\/www.propertypro.pl\/posrednictwo\/zapytaj-ai\/\" \/>\n<meta property=\"article:publisher\" content=\"https:\/\/www.facebook.com\/PropertyProLodz\/\" \/>\n<meta property=\"article:modified_time\" content=\"2025-06-11T10:36:16+00:00\" \/>\n<meta property=\"og:image\" content=\"https:\/\/www.propertypro.pl\/posrednictwo\/wp-content\/uploads\/2025\/05\/PP-logo-prostokat-2-5000x2500-posrednictwo-scaled.png\" \/>\n\t<meta property=\"og:image:width\" content=\"2560\" \/>\n\t<meta property=\"og:image:height\" content=\"1280\" \/>\n\t<meta property=\"og:image:type\" content=\"image\/png\" \/>\n<meta name=\"twitter:card\" content=\"summary_large_image\" \/>\n<meta name=\"twitter:label1\" content=\"Szacowany czas czytania\" \/>\n\t<meta name=\"twitter:data1\" content=\"1 minuta\" \/>\n<script type=\"application\/ld+json\" class=\"yoast-schema-graph\">{\"@context\":\"https:\\\/\\\/schema.org\",\"@graph\":[{\"@type\":\"WebPage\",\"@id\":\"https:\\\/\\\/www.propertypro.pl\\\/posrednictwo\\\/zapytaj-ai\\\/\",\"url\":\"https:\\\/\\\/www.propertypro.pl\\\/posrednictwo\\\/zapytaj-ai\\\/\",\"name\":\"Zapytaj AI -\",\"isPartOf\":{\"@id\":\"https:\\\/\\\/www.propertypro.pl\\\/posrednictwo\\\/#website\"},\"primaryImageOfPage\":{\"@id\":\"https:\\\/\\\/www.propertypro.pl\\\/posrednictwo\\\/zapytaj-ai\\\/#primaryimage\"},\"image\":{\"@id\":\"https:\\\/\\\/www.propertypro.pl\\\/posrednictwo\\\/zapytaj-ai\\\/#primaryimage\"},\"thumbnailUrl\":\"https:\\\/\\\/www.propertypro.pl\\\/posrednictwo\\\/wp-content\\\/uploads\\\/2025\\\/06\\\/pexels-photo-7709208-7709208.jpg\",\"datePublished\":\"2025-06-03T13:39:31+00:00\",\"dateModified\":\"2025-06-11T10:36:16+00:00\",\"breadcrumb\":{\"@id\":\"https:\\\/\\\/www.propertypro.pl\\\/posrednictwo\\\/zapytaj-ai\\\/#breadcrumb\"},\"inLanguage\":\"pl-PL\",\"potentialAction\":[{\"@type\":\"ReadAction\",\"target\":[\"https:\\\/\\\/www.propertypro.pl\\\/posrednictwo\\\/zapytaj-ai\\\/\"]}]},{\"@type\":\"ImageObject\",\"inLanguage\":\"pl-PL\",\"@id\":\"https:\\\/\\\/www.propertypro.pl\\\/posrednictwo\\\/zapytaj-ai\\\/#primaryimage\",\"url\":\"https:\\\/\\\/www.propertypro.pl\\\/posrednictwo\\\/wp-content\\\/uploads\\\/2025\\\/06\\\/pexels-photo-7709208-7709208.jpg\",\"contentUrl\":\"https:\\\/\\\/www.propertypro.pl\\\/posrednictwo\\\/wp-content\\\/uploads\\\/2025\\\/06\\\/pexels-photo-7709208-7709208.jpg\",\"width\":940,\"height\":627,\"caption\":\"Young woman in glasses and headset providing customer support at a laptop in an office setting.\"},{\"@type\":\"BreadcrumbList\",\"@id\":\"https:\\\/\\\/www.propertypro.pl\\\/posrednictwo\\\/zapytaj-ai\\\/#breadcrumb\",\"itemListElement\":[{\"@type\":\"ListItem\",\"position\":1,\"name\":\"Strona g\u0142\u00f3wna\",\"item\":\"https:\\\/\\\/www.propertypro.pl\\\/posrednictwo\\\/\"},{\"@type\":\"ListItem\",\"position\":2,\"name\":\"Zapytaj AI\"}]},{\"@type\":\"WebSite\",\"@id\":\"https:\\\/\\\/www.propertypro.pl\\\/posrednictwo\\\/#website\",\"url\":\"https:\\\/\\\/www.propertypro.pl\\\/posrednictwo\\\/\",\"name\":\"Masz mieszkanie na wynajem? Zle\u0107 nam jego zarz\u0105dzanie!\",\"description\":\"Chcesz sprzeda\u0107 lub kupi\u0107 mieszkanie? Zle\u0107 to profesjonalistom takim jak my!\",\"publisher\":{\"@id\":\"https:\\\/\\\/www.propertypro.pl\\\/posrednictwo\\\/#organization\"},\"potentialAction\":[{\"@type\":\"SearchAction\",\"target\":{\"@type\":\"EntryPoint\",\"urlTemplate\":\"https:\\\/\\\/www.propertypro.pl\\\/posrednictwo\\\/?s={search_term_string}\"},\"query-input\":{\"@type\":\"PropertyValueSpecification\",\"valueRequired\":true,\"valueName\":\"search_term_string\"}}],\"inLanguage\":\"pl-PL\"},{\"@type\":\"Organization\",\"@id\":\"https:\\\/\\\/www.propertypro.pl\\\/posrednictwo\\\/#organization\",\"name\":\"PropertyPro\",\"url\":\"https:\\\/\\\/www.propertypro.pl\\\/posrednictwo\\\/\",\"logo\":{\"@type\":\"ImageObject\",\"inLanguage\":\"pl-PL\",\"@id\":\"https:\\\/\\\/www.propertypro.pl\\\/posrednictwo\\\/#\\\/schema\\\/logo\\\/image\\\/\",\"url\":\"https:\\\/\\\/www.propertypro.pl\\\/posrednictwo\\\/wp-content\\\/uploads\\\/2024\\\/12\\\/cropped-PP-logo-tylko-domek.png\",\"contentUrl\":\"https:\\\/\\\/www.propertypro.pl\\\/posrednictwo\\\/wp-content\\\/uploads\\\/2024\\\/12\\\/cropped-PP-logo-tylko-domek.png\",\"width\":512,\"height\":512,\"caption\":\"PropertyPro\"},\"image\":{\"@id\":\"https:\\\/\\\/www.propertypro.pl\\\/posrednictwo\\\/#\\\/schema\\\/logo\\\/image\\\/\"},\"sameAs\":[\"https:\\\/\\\/www.facebook.com\\\/PropertyProLodz\\\/\"]}]}<\/script>\n<!-- \/ Yoast SEO plugin. -->","yoast_head_json":{"title":"Zapytaj AI -","robots":{"index":"index","follow":"follow","max-snippet":"max-snippet:-1","max-image-preview":"max-image-preview:large","max-video-preview":"max-video-preview:-1"},"canonical":"https:\/\/www.propertypro.pl\/posrednictwo\/zapytaj-ai\/","og_locale":"pl_PL","og_type":"article","og_title":"Chcesz sprzeda\u0107 lub kupi\u0107 mieszkanie w \u0141odzi? Z nami zrobisz to szybko, bezpiecznie i korzystnie!","og_description":"Po\u015bredniczymy w sprzeda\u017cy i zakupie mieszka\u0144 od A do Z. Oferujemy kompleksow\u0105 obs\u0142ug\u0119 transakcji nieruchomo\u015bci w \u0141odzi.","og_url":"https:\/\/www.propertypro.pl\/posrednictwo\/zapytaj-ai\/","article_publisher":"https:\/\/www.facebook.com\/PropertyProLodz\/","article_modified_time":"2025-06-11T10:36:16+00:00","og_image":[{"width":2560,"height":1280,"url":"https:\/\/www.propertypro.pl\/posrednictwo\/wp-content\/uploads\/2025\/05\/PP-logo-prostokat-2-5000x2500-posrednictwo-scaled.png","type":"image\/png"}],"twitter_card":"summary_large_image","twitter_misc":{"Szacowany czas czytania":"1 minuta"},"schema":{"@context":"https:\/\/schema.org","@graph":[{"@type":"WebPage","@id":"https:\/\/www.propertypro.pl\/posrednictwo\/zapytaj-ai\/","url":"https:\/\/www.propertypro.pl\/posrednictwo\/zapytaj-ai\/","name":"Zapytaj AI -","isPartOf":{"@id":"https:\/\/www.propertypro.pl\/posrednictwo\/#website"},"primaryImageOfPage":{"@id":"https:\/\/www.propertypro.pl\/posrednictwo\/zapytaj-ai\/#primaryimage"},"image":{"@id":"https:\/\/www.propertypro.pl\/posrednictwo\/zapytaj-ai\/#primaryimage"},"thumbnailUrl":"https:\/\/www.propertypro.pl\/posrednictwo\/wp-content\/uploads\/2025\/06\/pexels-photo-7709208-7709208.jpg","datePublished":"2025-06-03T13:39:31+00:00","dateModified":"2025-06-11T10:36:16+00:00","breadcrumb":{"@id":"https:\/\/www.propertypro.pl\/posrednictwo\/zapytaj-ai\/#breadcrumb"},"inLanguage":"pl-PL","potentialAction":[{"@type":"ReadAction","target":["https:\/\/www.propertypro.pl\/posrednictwo\/zapytaj-ai\/"]}]},{"@type":"ImageObject","inLanguage":"pl-PL","@id":"https:\/\/www.propertypro.pl\/posrednictwo\/zapytaj-ai\/#primaryimage","url":"https:\/\/www.propertypro.pl\/posrednictwo\/wp-content\/uploads\/2025\/06\/pexels-photo-7709208-7709208.jpg","contentUrl":"https:\/\/www.propertypro.pl\/posrednictwo\/wp-content\/uploads\/2025\/06\/pexels-photo-7709208-7709208.jpg","width":940,"height":627,"caption":"Young woman in glasses and headset providing customer support at a laptop in an office setting."},{"@type":"BreadcrumbList","@id":"https:\/\/www.propertypro.pl\/posrednictwo\/zapytaj-ai\/#breadcrumb","itemListElement":[{"@type":"ListItem","position":1,"name":"Strona g\u0142\u00f3wna","item":"https:\/\/www.propertypro.pl\/posrednictwo\/"},{"@type":"ListItem","position":2,"name":"Zapytaj AI"}]},{"@type":"WebSite","@id":"https:\/\/www.propertypro.pl\/posrednictwo\/#website","url":"https:\/\/www.propertypro.pl\/posrednictwo\/","name":"Masz mieszkanie na wynajem? Zle\u0107 nam jego zarz\u0105dzanie!","description":"Chcesz sprzeda\u0107 lub kupi\u0107 mieszkanie? Zle\u0107 to profesjonalistom takim jak my!","publisher":{"@id":"https:\/\/www.propertypro.pl\/posrednictwo\/#organization"},"potentialAction":[{"@type":"SearchAction","target":{"@type":"EntryPoint","urlTemplate":"https:\/\/www.propertypro.pl\/posrednictwo\/?s={search_term_string}"},"query-input":{"@type":"PropertyValueSpecification","valueRequired":true,"valueName":"search_term_string"}}],"inLanguage":"pl-PL"},{"@type":"Organization","@id":"https:\/\/www.propertypro.pl\/posrednictwo\/#organization","name":"PropertyPro","url":"https:\/\/www.propertypro.pl\/posrednictwo\/","logo":{"@type":"ImageObject","inLanguage":"pl-PL","@id":"https:\/\/www.propertypro.pl\/posrednictwo\/#\/schema\/logo\/image\/","url":"https:\/\/www.propertypro.pl\/posrednictwo\/wp-content\/uploads\/2024\/12\/cropped-PP-logo-tylko-domek.png","contentUrl":"https:\/\/www.propertypro.pl\/posrednictwo\/wp-content\/uploads\/2024\/12\/cropped-PP-logo-tylko-domek.png","width":512,"height":512,"caption":"PropertyPro"},"image":{"@id":"https:\/\/www.propertypro.pl\/posrednictwo\/#\/schema\/logo\/image\/"},"sameAs":["https:\/\/www.facebook.com\/PropertyProLodz\/"]}]}},"uagb_featured_image_src":{"full":false,"thumbnail":false,"medium":false,"medium_large":false,"large":false,"1536x1536":false,"2048x2048":false},"uagb_author_info":{"display_name":"admin","author_link":"https:\/\/www.propertypro.pl\/posrednictwo\/blog\/author\/admin\/"},"uagb_comment_info":0,"uagb_excerpt":"Zapytaj AI Uruchomili\u015bmy wirtualnego asystenta PropertyPro. Odpowie Ci on na wszelkie pytania dotycz\u0105ce procesu zakupu i sprzeda\u017cy nieruchomo\u015bci oraz pomo\u017ce [&hellip;]","_links":{"self":[{"href":"https:\/\/www.propertypro.pl\/posrednictwo\/wp-json\/wp\/v2\/pages\/2099","targetHints":{"allow":["GET"]}}],"collection":[{"href":"https:\/\/www.propertypro.pl\/posrednictwo\/wp-json\/wp\/v2\/pages"}],"about":[{"href":"https:\/\/www.propertypro.pl\/posrednictwo\/wp-json\/wp\/v2\/types\/page"}],"author":[{"embeddable":true,"href":"https:\/\/www.propertypro.pl\/posrednictwo\/wp-json\/wp\/v2\/users\/1"}],"replies":[{"embeddable":true,"href":"https:\/\/www.propertypro.pl\/posrednictwo\/wp-json\/wp\/v2\/comments?post=2099"}],"version-history":[{"count":19,"href":"https:\/\/www.propertypro.pl\/posrednictwo\/wp-json\/wp\/v2\/pages\/2099\/revisions"}],"predecessor-version":[{"id":2146,"href":"https:\/\/www.propertypro.pl\/posrednictwo\/wp-json\/wp\/v2\/pages\/2099\/revisions\/2146"}],"wp:attachment":[{"href":"https:\/\/www.propertypro.pl\/posrednictwo\/wp-json\/wp\/v2\/media?parent=2099"}],"curies":[{"name":"wp","href":"https:\/\/api.w.org\/{rel}","templated":true}]}}