{"id":1125,"date":"2024-12-12T15:33:24","date_gmt":"2024-12-12T15:33:24","guid":{"rendered":"https:\/\/www.propertypro.pl\/zarzadzanie\/about\/"},"modified":"2025-09-09T14:05:43","modified_gmt":"2025-09-09T14:05:43","slug":"o_nas","status":"publish","type":"page","link":"https:\/\/www.propertypro.pl\/zarzadzanie\/o_nas\/","title":{"rendered":"O nas"},"content":{"rendered":"\n<div class=\"wp-block-uagb-container uagb-block-4902463a alignfull uagb-is-root-container\"><div class=\"uagb-container-inner-blocks-wrap\">\n<div class=\"wp-block-uagb-advanced-heading uagb-block-a651693a\"><div class=\"uagb-separator\"><\/div><h1 class=\"uagb-heading-text\">Profesjonalna opieka nad wynajmem mieszka\u0144 w \u0141odzi<\/h1><\/div>\n<\/div><\/div>\n\n\n\n<div class=\"wp-block-uagb-container uagb-block-10c39542 alignfull uagb-is-root-container\"><div class=\"uagb-container-inner-blocks-wrap\">\n<div class=\"wp-block-uagb-container uagb-block-0987b86f alignfull uagb-is-root-container\"><div class=\"uagb-container-inner-blocks-wrap\">\n<div class=\"wp-block-uagb-advanced-heading uagb-block-aa35732e\"><div class=\"uagb-separator\"><\/div><h2 class=\"uagb-heading-text\">&#8211; PropertyPro &#8211;<br>Tw\u00f3j partner w zarz\u0105dzaniu nieruchomo\u015bciami<\/h2><\/div>\n\n\n\n<div class=\"wp-block-uagb-advanced-heading uagb-block-a57423e9\"><p class=\"uagb-heading-text\">PropertyPro to marka \u0142\u0105cz\u0105ca dwa filary us\u0142ug: zarz\u0105dzanie najmem mieszka\u0144 oraz po\u015brednictwo w sprzeda\u017cy i zakupie nieruchomo\u015bci. Od 2008 roku pomagamy w\u0142a\u015bcicielom mieszka\u0144 w \u0141odzi maksymalizowa\u0107 zyski z wynajmu, zdejmuj\u0105c z ich bark\u00f3w codzienne obowi\u0105zki zwi\u0105zane z zarz\u0105dzaniem nieruchomo\u015bciami.<\/p><p class=\"uagb-desc-text\">Dzi\u0119ki naszemu zaanga\u017cowaniu, wielu w\u0142a\u015bcicieli mieszka\u0144 zyska\u0142o stabilnych najemc\u00f3w oraz zwi\u0119kszy\u0142o rentowno\u015b\u0107 swoich nieruchomo\u015bci, co potwierdza nasz\u0105 wysok\u0105 jako\u015b\u0107 us\u0142ug.<br><br>Wielu inwestor\u00f3w kupi\u0142o za naszym po\u015brednictwem mieszkania z my\u015bl\u0105 o wynajmie. Jako <a href=\"http:\/\/www.propertypro.pl\/posrednictwo\/\" target=\"_blank\" rel=\"noreferrer noopener\">po\u015brednik nieruchomo\u015bci<\/a> wspieramy klient\u00f3w na ka\u017cdym etapie \u2013 od zakupu po kompleksowe zarz\u0105dzanie najmem. Sprawd\u017a r\u00f3wnie\u017c nasz\u0105 us\u0142ug\u0119 <a href=\"http:\/\/www.propertypro.pl\/posrednictwo\/\" target=\"_blank\" rel=\"noreferrer noopener\">po\u015brednictwa w zakupie &#8211; sprzeda\u017cy<\/a>.<\/p><\/div>\n<\/div><\/div>\n\n\n\n<div class=\"wp-block-uagb-image aligncenter uagb-block-a5f8f61f wp-block-uagb-image--layout-default wp-block-uagb-image--effect-static wp-block-uagb-image--align-center\"><figure class=\"wp-block-uagb-image__figure\"><img decoding=\"async\" srcset=\"https:\/\/www.propertypro.pl\/zarzadzanie\/wp-content\/uploads\/2024\/12\/pexels-photo-3778673.jpeg ,https:\/\/www.propertypro.pl\/zarzadzanie\/wp-content\/uploads\/2024\/12\/pexels-photo-3778673.jpeg 780w, https:\/\/www.propertypro.pl\/zarzadzanie\/wp-content\/uploads\/2024\/12\/pexels-photo-3778673.jpeg 360w\" sizes=\"auto, (max-width: 480px) 150px\" src=\"https:\/\/www.propertypro.pl\/zarzadzanie\/wp-content\/uploads\/2024\/12\/pexels-photo-3778673.jpeg\" alt=\"\" class=\"uag-image-14\" width=\"1200\" height=\"500\" title=\"about-img\" loading=\"lazy\" role=\"img\"\/><\/figure><\/div>\n<\/div><\/div>\n\n\n\n<div class=\"wp-block-uagb-container uagb-block-3b46b7c5 alignfull uagb-is-root-container\"><div class=\"uagb-container-inner-blocks-wrap\">\n<div class=\"wp-block-uagb-advanced-heading uagb-block-26e4386e\"><div class=\"uagb-separator\"><\/div><h2 class=\"uagb-heading-text\">Nasza misja<\/h2><p class=\"uagb-desc-text\">Nasz\u0105 misj\u0105 jest zapewnienie klientom bezpiecze\u0144stwa i spokoju w podejmowaniu decyzji zwi\u0105zanych z nieruchomo\u015bciami. Dzi\u0119ki wiedzy i do\u015bwiadczeniu wspieramy ich na ka\u017cdym etapie \u2013 od pierwszego kontaktu po finalizacj\u0119 spraw i d\u0142ugofalow\u0105 opiek\u0119.<\/p><\/div>\n\n\n\n<div class=\"wp-block-uagb-advanced-heading uagb-block-57ce3c5c\"><div class=\"uagb-separator\"><\/div><h2 class=\"uagb-heading-text\">Nasze warto\u015bci<\/h2><p class=\"uagb-desc-text\">W PropertyPro kierujemy si\u0119 uczciwo\u015bci\u0105, profesjonalizmem i zaanga\u017cowaniem. Ka\u017cdego dnia d\u0105\u017cymy do \u015bwiadczenia us\u0142ug na najwy\u017cszym poziomie. Budujemy d\u0142ugotrwa\u0142e relacje z klientami oparte na uczciwo\u015bci i rzetelno\u015bci.<\/p><\/div>\n\n\n\n<div class=\"wp-block-uagb-advanced-heading uagb-block-e454bd3d\"><div class=\"uagb-separator\"><\/div><h2 class=\"uagb-heading-text\">Nasza wizja<\/h2><p class=\"uagb-desc-text\">Chcemy by\u0107 liderem w bran\u017cy nieruchomo\u015bci w \u0141odzi, tworz\u0105c innowacyjne rozwi\u0105zania oraz dostosowuj\u0105c nasze us\u0142ugi do zmieniaj\u0105cych si\u0119 potrzeb klient\u00f3w. Wspieramy ich w podejmowaniu trafnych decyzji, minimalizuj\u0105c jednocze\u015bnie ich zaanga\u017cowanie czasowe.<\/p><\/div>\n<\/div><\/div>\n\n\n\n<div class=\"wp-block-uagb-container uagb-block-2d1e4144 alignfull uagb-is-root-container\"><div class=\"uagb-container-inner-blocks-wrap\">\n<div class=\"wp-block-uagb-image uagb-block-d8782e7d wp-block-uagb-image--layout-default wp-block-uagb-image--effect-static wp-block-uagb-image--align-none\"><figure class=\"wp-block-uagb-image__figure\"><img decoding=\"async\" srcset=\"https:\/\/www.propertypro.pl\/zarzadzanie\/wp-content\/uploads\/2024\/12\/pexels-photo-7792837.jpeg ,https:\/\/www.propertypro.pl\/zarzadzanie\/wp-content\/uploads\/2024\/12\/pexels-photo-7792837.jpeg 780w, https:\/\/www.propertypro.pl\/zarzadzanie\/wp-content\/uploads\/2024\/12\/pexels-photo-7792837.jpeg 360w\" sizes=\"auto, (max-width: 480px) 150px\" src=\"https:\/\/www.propertypro.pl\/zarzadzanie\/wp-content\/uploads\/2024\/12\/pexels-photo-7792837.jpeg\" alt=\"\" class=\"uag-image-15\" width=\"560\" height=\"450\" title=\"about-story\" loading=\"lazy\" role=\"img\"\/><\/figure><\/div>\n\n\n\n<div class=\"wp-block-uagb-info-box uagb-block-c931f114 uagb-infobox__content-wrap  uagb-infobox-icon-above-title uagb-infobox-image-valign-top wp-block-uagb-info-box--has-margin\"><div class=\"uagb-infobox-margin-wrapper\"><div class=\"uagb-ifb-content\"><div class=\"uagb-ifb-title-wrap\"><div class=\"uagb-ifb-separator\"><\/div><h2 class=\"uagb-ifb-title\">Twoja nieruchomo\u015b\u0107, nasza pasja<\/h2><\/div><p class=\"uagb-ifb-desc\">\u0141\u00f3d\u017a znamy jak w\u0142asn\u0105 kiesze\u0144. Uwielbiamy obserwowa\u0107, jak zmienia si\u0119 i rozwija, a jednocze\u015bnie dostrzegamy jej ogromny potencja\u0142. Nasza przygoda z nieruchomo\u015bciami zacz\u0119\u0142a si\u0119 wiele lat temu \u2013 sami zainwestowali\u015bmy wtedy w mieszkania pod wynajem. Od 2008 roku wspieramy innych w\u0142a\u015bcicieli i inwestor\u00f3w w bezpiecznym i efektywnym zarz\u0105dzaniu wynajmem ich nieruchomo\u015bci.<br><br>Nasze do\u015bwiadczenie to nie tylko praktyka, ale tak\u017ce aktywne zaanga\u017cowanie w rozw\u00f3j rynku nieruchomo\u015bci. Jeste\u015bmy cz\u0142onkami Og\u00f3lnopolskiego Klubu Inwestor\u00f3w Edukacji Inwestowania w Nieruchomo\u015bci Piotra Hryniewicza oraz Stowarzyszenia W\u0142a\u015bcicieli Nieruchomo\u015bci na Wynajem \u201eMieszkanicznik\u201d. Dzi\u0119ki temu stale wymieniamy si\u0119 wiedz\u0105 i najlepszymi praktykami, kt\u00f3re wykorzystujemy w naszej pracy.<br><br>Dzia\u0142amy z pasj\u0105 i z pe\u0142nym przekonaniem o wyj\u0105tkowo\u015bci naszego miasta.  Zarz\u0105dzanie najmem w \u0141odzi to dla nas co\u015b wi\u0119cej ni\u017c praca \u2013 to misja, by w\u0142a\u015bciciele mieszka\u0144 mogli korzysta\u0107 z pe\u0142ni mo\u017cliwo\u015bci, jakie daje dobrze zarz\u0105dzana nieruchomo\u015b\u0107.<\/p><\/div><\/div><\/div>\n<\/div><\/div>\n\n\n\n<div class=\"wp-block-uagb-container uagb-block-c4946e67 alignfull uagb-is-root-container\"><div class=\"uagb-container-inner-blocks-wrap\">\n<div class=\"wp-block-uagb-info-box uagb-block-000e3f8d uagb-infobox__content-wrap  uagb-infobox-icon-above-title uagb-infobox-image-valign-top wp-block-uagb-info-box--has-margin\"><div class=\"uagb-infobox-margin-wrapper\"><div class=\"uagb-ifb-content\"><div class=\"uagb-ifb-title-wrap\"><div class=\"uagb-ifb-separator\"><\/div><h2 class=\"uagb-ifb-title\">Stale rozwijamy si\u0119 dla Was<\/h2><\/div><p class=\"uagb-ifb-desc\">Nasza praca zosta\u0142a doceniona \u2013 zdobyli\u015bmy certyfikat \u201e<strong>Z\u0142ota Firma<\/strong>\u201d, potwierdzaj\u0105cy wysok\u0105 jako\u015b\u0107 \u015bwiadczonych us\u0142ug i rzetelno\u015b\u0107 w dzia\u0142aniu. <br><br>Jeste\u015bmy r\u00f3wnie\u017c aktywnym uczestnikiem programu \u201e<strong>Coraz Lepsza Firma<\/strong>\u201d, dzi\u0119ki kt\u00f3remu stale podnosimy standardy obs\u0142ugi i rozwijamy nasze kompetencje, aby jeszcze lepiej wspiera\u0107 w\u0142a\u015bcicieli nieruchomo\u015bci.<br><br>Jeste\u015bmy r\u00f3wnie\u017c cz\u0142onkiem stowarzyszenia &#8222;<strong>Mieszkanicznik<\/strong>&#8222;. Wdro\u017cyli\u015bmy najwy\u017csze standardy obs\u0142ugi klient\u00f3w. Dzi\u0119ki temu w\u0142a\u015bciciele nieruchomo\u015bci maj\u0105 pewno\u015b\u0107, \u017ce wsp\u00f3\u0142pracuj\u0105 z partnerem dzia\u0142aj\u0105cym w spos\u00f3b rzetelny, etyczny i profesjonalny.<\/p><\/div><\/div><\/div>\n\n\n\n<div class=\"wp-block-uagb-container uagb-block-397bedca default uagb-is-root-container\">\n<div class=\"wp-block-uagb-image aligncenter uagb-block-0f2e5d8d wp-block-uagb-image--layout-default wp-block-uagb-image--effect-static wp-block-uagb-image--align-center\"><figure class=\"wp-block-uagb-image__figure\"><img decoding=\"async\" srcset=\"https:\/\/www.propertypro.pl\/zarzadzanie\/wp-content\/uploads\/2025\/09\/zlota-firma-2025-dark-1000x144-1.jpg ,https:\/\/www.propertypro.pl\/zarzadzanie\/wp-content\/uploads\/2025\/09\/zlota-firma-2025-dark-1000x144-1.jpg 780w, https:\/\/www.propertypro.pl\/zarzadzanie\/wp-content\/uploads\/2025\/09\/zlota-firma-2025-dark-1000x144-1.jpg 360w\" sizes=\"auto, (max-width: 480px) 150px\" src=\"https:\/\/www.propertypro.pl\/zarzadzanie\/wp-content\/uploads\/2025\/09\/zlota-firma-2025-dark-1000x144-1.jpg\" alt=\"Logotyp Z\u0142ota Firma\" class=\"uag-image-1834\" width=\"560\" height=\"500\" title=\"zlota-firma-2025-dark-1000x144\" loading=\"lazy\" role=\"img\"\/><\/figure><\/div>\n\n\n\n<div class=\"wp-block-uagb-image uagb-block-b0d14bdf wp-block-uagb-image--layout-default wp-block-uagb-image--effect-static wp-block-uagb-image--align-none\"><figure class=\"wp-block-uagb-image__figure\"><img decoding=\"async\" srcset=\"https:\/\/www.propertypro.pl\/zarzadzanie\/wp-content\/uploads\/2025\/09\/clf_program_rozwoju_znak_naklejka_95mm_3mm_spady_300dpi_CMYK_01_bialy-1024x1024.png ,https:\/\/www.propertypro.pl\/zarzadzanie\/wp-content\/uploads\/2025\/09\/clf_program_rozwoju_znak_naklejka_95mm_3mm_spady_300dpi_CMYK_01_bialy.png 780w, https:\/\/www.propertypro.pl\/zarzadzanie\/wp-content\/uploads\/2025\/09\/clf_program_rozwoju_znak_naklejka_95mm_3mm_spady_300dpi_CMYK_01_bialy.png 360w\" sizes=\"auto, (max-width: 480px) 150px\" src=\"https:\/\/www.propertypro.pl\/zarzadzanie\/wp-content\/uploads\/2025\/09\/clf_program_rozwoju_znak_naklejka_95mm_3mm_spady_300dpi_CMYK_01_bialy-1024x1024.png\" alt=\"\" class=\"uag-image-1836\" width=\"560\" height=\"500\" title=\"clf_program_rozwoju_znak_naklejka_95mm_3mm_spady_300dpi_CMYK_01_bialy\" loading=\"lazy\" role=\"img\"\/><\/figure><\/div>\n\n\n\n<div class=\"wp-block-uagb-image uagb-block-a0a62acb wp-block-uagb-image--layout-default wp-block-uagb-image--effect-static wp-block-uagb-image--align-none\"><figure class=\"wp-block-uagb-image__figure\"><img decoding=\"async\" srcset=\"https:\/\/www.propertypro.pl\/zarzadzanie\/wp-content\/uploads\/2025\/09\/Mieszkanicznik-Logo-na-jasne-tlo-500-x-160-px.png ,https:\/\/www.propertypro.pl\/zarzadzanie\/wp-content\/uploads\/2025\/09\/Mieszkanicznik-Logo-na-jasne-tlo-500-x-160-px.png 780w, https:\/\/www.propertypro.pl\/zarzadzanie\/wp-content\/uploads\/2025\/09\/Mieszkanicznik-Logo-na-jasne-tlo-500-x-160-px.png 360w\" sizes=\"auto, (max-width: 480px) 150px\" src=\"https:\/\/www.propertypro.pl\/zarzadzanie\/wp-content\/uploads\/2025\/09\/Mieszkanicznik-Logo-na-jasne-tlo-500-x-160-px.png\" alt=\"Logo Mieszkanicznik\" class=\"uag-image-1845\" width=\"560\" height=\"500\" title=\"Mieszkanicznik-Logo-na-jasne-tlo-500-x-160-px\" loading=\"lazy\" role=\"img\"\/><\/figure><\/div>\n<\/div>\n<\/div><\/div>\n\n\n\n<div class=\"wp-block-uagb-container uagb-block-804a406b alignfull uagb-is-root-container\"><div class=\"uagb-container-inner-blocks-wrap\">\n<div class=\"wp-block-uagb-info-box uagb-block-fd4425a9 uagb-infobox__content-wrap  uagb-infobox-icon-above-title uagb-infobox-image-valign-top wp-block-uagb-info-box--has-margin\"><div class=\"uagb-infobox-margin-wrapper\"><div class=\"uagb-ifb-content\"><div class=\"uagb-ifb-title-wrap\"><div class=\"uagb-ifb-separator\"><\/div><h2 class=\"uagb-ifb-title\">Zacznij z nami wsp\u00f3\u0142prac\u0119 jeszcze dzisiaj!<\/h2><\/div><p class=\"uagb-ifb-desc\">Skontaktuj si\u0119 z nami, aby dowiedzie\u0107 si\u0119 wi\u0119cej o zarz\u0105dzaniu wynajmem mieszka\u0144.<\/p><div class=\"uagb-ifb-button-wrapper wp-block-button\"><a href=\"\/zarzadzanie\/kontakt\/\" class=\"uagb-infobox-cta-link wp-block-button__link\" target=\"_self\" rel=\"noopener noreferrer\" onclick=\"return true;\"><svg xmlns=\"https:\/\/www.w3.org\/2000\/svg\" viewBox=\"0 0 512 512\"><path d=\"M502.6 278.6l-128 128c-12.51 12.51-32.76 12.49-45.25 0c-12.5-12.5-12.5-32.75 0-45.25L402.8 288H32C14.31 288 0 273.7 0 255.1S14.31 224 32 224h370.8l-73.38-73.38c-12.5-12.5-12.5-32.75 0-45.25s32.75-12.5 45.25 0l128 128C515.1 245.9 515.1 266.1 502.6 278.6z\"><\/path><\/svg><span class=\"uagb-inline-editing\">Skontaktuj si\u0119 z nami<\/span><\/a><\/div><\/div><\/div><\/div>\n<\/div><\/div>\n\n\n\n<p><\/p>\n","protected":false},"excerpt":{"rendered":"<p>Profesjonalna opieka nad wynajmem mieszka\u0144 w \u0141odzi &#8211; PropertyPro &#8211;Tw\u00f3j partner w zarz\u0105dzaniu nieruchomo\u015bciami PropertyPro to marka \u0142\u0105cz\u0105ca dwa filary [&hellip;]<\/p>\n","protected":false},"author":1,"featured_media":0,"parent":0,"menu_order":0,"comment_status":"closed","ping_status":"closed","template":"","meta":{"_uag_custom_page_level_css":"","site-sidebar-layout":"default","site-content-layout":"","ast-site-content-layout":"default","site-content-style":"default","site-sidebar-style":"default","ast-global-header-display":"","ast-banner-title-visibility":"","ast-main-header-display":"","ast-hfb-above-header-display":"","ast-hfb-below-header-display":"","ast-hfb-mobile-header-display":"","site-post-title":"disabled","ast-breadcrumbs-content":"","ast-featured-img":"","footer-sml-layout":"","ast-disable-related-posts":"","theme-transparent-header-meta":"","adv-header-id-meta":"","stick-header-meta":"","header-above-stick-meta":"","header-main-stick-meta":"","header-below-stick-meta":"","astra-migrate-meta-layouts":"default","ast-page-background-enabled":"default","ast-page-background-meta":{"desktop":{"background-color":"var(--ast-global-color-4)","background-image":"","background-repeat":"repeat","background-position":"center center","background-size":"auto","background-attachment":"scroll","background-type":"","background-media":"","overlay-type":"","overlay-color":"","overlay-opacity":"","overlay-gradient":""},"tablet":{"background-color":"","background-image":"","background-repeat":"repeat","background-position":"center center","background-size":"auto","background-attachment":"scroll","background-type":"","background-media":"","overlay-type":"","overlay-color":"","overlay-opacity":"","overlay-gradient":""},"mobile":{"background-color":"","background-image":"","background-repeat":"repeat","background-position":"center center","background-size":"auto","background-attachment":"scroll","background-type":"","background-media":"","overlay-type":"","overlay-color":"","overlay-opacity":"","overlay-gradient":""}},"ast-content-background-meta":{"desktop":{"background-color":"var(--ast-global-color-5)","background-image":"","background-repeat":"repeat","background-position":"center center","background-size":"auto","background-attachment":"scroll","background-type":"","background-media":"","overlay-type":"","overlay-color":"","overlay-opacity":"","overlay-gradient":""},"tablet":{"background-color":"var(--ast-global-color-5)","background-image":"","background-repeat":"repeat","background-position":"center center","background-size":"auto","background-attachment":"scroll","background-type":"","background-media":"","overlay-type":"","overlay-color":"","overlay-opacity":"","overlay-gradient":""},"mobile":{"background-color":"var(--ast-global-color-5)","background-image":"","background-repeat":"repeat","background-position":"center center","background-size":"auto","background-attachment":"scroll","background-type":"","background-media":"","overlay-type":"","overlay-color":"","overlay-opacity":"","overlay-gradient":""}},"footnotes":""},"class_list":["post-1125","page","type-page","status-publish","hentry"],"yoast_head":"<!-- This site is optimized with the Yoast SEO plugin v27.6 - https:\/\/yoast.com\/product\/yoast-seo-wordpress\/ -->\n<title>O nas -<\/title>\n<meta name=\"robots\" content=\"index, follow, max-snippet:-1, max-image-preview:large, max-video-preview:-1\" \/>\n<link rel=\"canonical\" href=\"https:\/\/www.propertypro.pl\/zarzadzanie\/o_nas\/\" \/>\n<meta property=\"og:locale\" content=\"pl_PL\" \/>\n<meta property=\"og:type\" content=\"article\" \/>\n<meta property=\"og:title\" content=\"Masz mieszkanie na wynajem? Zapraszamy do nas po doch\u00f3d pasywny.\" \/>\n<meta property=\"og:description\" content=\"Zarz\u0105dzamy najmem mieszka\u0144 od A do Z. Oferujemy szeroki zakres us\u0142ug zwi\u0105zanych z opiek\u0105 nad wynajmem mieszka\u0144 w \u0141odzi .\" \/>\n<meta property=\"og:url\" content=\"https:\/\/www.propertypro.pl\/zarzadzanie\/o_nas\/\" \/>\n<meta property=\"article:publisher\" content=\"https:\/\/www.facebook.com\/PropertyProLodz\/\" \/>\n<meta property=\"article:modified_time\" content=\"2025-09-09T14:05:43+00:00\" \/>\n<meta property=\"og:image\" content=\"https:\/\/www.propertypro.pl\/zarzadzanie\/wp-content\/uploads\/2025\/01\/PP-logo-prostokat-2-FB.png\" \/>\n\t<meta property=\"og:image:width\" content=\"4603\" \/>\n\t<meta property=\"og:image:height\" content=\"2413\" \/>\n\t<meta property=\"og:image:type\" content=\"image\/png\" \/>\n<meta name=\"twitter:card\" content=\"summary_large_image\" \/>\n<meta name=\"twitter:label1\" content=\"Szacowany czas czytania\" \/>\n\t<meta name=\"twitter:data1\" content=\"4 minuty\" \/>\n<script type=\"application\/ld+json\" class=\"yoast-schema-graph\">{\"@context\":\"https:\\\/\\\/schema.org\",\"@graph\":[{\"@type\":\"WebPage\",\"@id\":\"https:\\\/\\\/www.propertypro.pl\\\/zarzadzanie\\\/o_nas\\\/\",\"url\":\"https:\\\/\\\/www.propertypro.pl\\\/zarzadzanie\\\/o_nas\\\/\",\"name\":\"O nas -\",\"isPartOf\":{\"@id\":\"https:\\\/\\\/www.propertypro.pl\\\/zarzadzanie\\\/#website\"},\"primaryImageOfPage\":{\"@id\":\"https:\\\/\\\/www.propertypro.pl\\\/zarzadzanie\\\/o_nas\\\/#primaryimage\"},\"image\":{\"@id\":\"https:\\\/\\\/www.propertypro.pl\\\/zarzadzanie\\\/o_nas\\\/#primaryimage\"},\"thumbnailUrl\":\"https:\\\/\\\/www.propertypro.pl\\\/zarzadzanie\\\/wp-content\\\/uploads\\\/2024\\\/12\\\/pexels-photo-3778673.jpeg\",\"datePublished\":\"2024-12-12T15:33:24+00:00\",\"dateModified\":\"2025-09-09T14:05:43+00:00\",\"breadcrumb\":{\"@id\":\"https:\\\/\\\/www.propertypro.pl\\\/zarzadzanie\\\/o_nas\\\/#breadcrumb\"},\"inLanguage\":\"pl-PL\",\"potentialAction\":[{\"@type\":\"ReadAction\",\"target\":[\"https:\\\/\\\/www.propertypro.pl\\\/zarzadzanie\\\/o_nas\\\/\"]}]},{\"@type\":\"ImageObject\",\"inLanguage\":\"pl-PL\",\"@id\":\"https:\\\/\\\/www.propertypro.pl\\\/zarzadzanie\\\/o_nas\\\/#primaryimage\",\"url\":\"https:\\\/\\\/www.propertypro.pl\\\/zarzadzanie\\\/wp-content\\\/uploads\\\/2024\\\/12\\\/pexels-photo-3778673.jpeg\",\"contentUrl\":\"https:\\\/\\\/www.propertypro.pl\\\/zarzadzanie\\\/wp-content\\\/uploads\\\/2024\\\/12\\\/pexels-photo-3778673.jpeg\"},{\"@type\":\"BreadcrumbList\",\"@id\":\"https:\\\/\\\/www.propertypro.pl\\\/zarzadzanie\\\/o_nas\\\/#breadcrumb\",\"itemListElement\":[{\"@type\":\"ListItem\",\"position\":1,\"name\":\"Strona g\u0142\u00f3wna\",\"item\":\"https:\\\/\\\/www.propertypro.pl\\\/zarzadzanie\\\/\"},{\"@type\":\"ListItem\",\"position\":2,\"name\":\"O nas\"}]},{\"@type\":\"WebSite\",\"@id\":\"https:\\\/\\\/www.propertypro.pl\\\/zarzadzanie\\\/#website\",\"url\":\"https:\\\/\\\/www.propertypro.pl\\\/zarzadzanie\\\/\",\"name\":\"Masz mieszkanie na wynajem? Zle\u0107 nam jego zarz\u0105dzanie!\",\"description\":\"Masz mieszkanie na wynajem? Zle\u0107 nam jego zarz\u0105dzanie!\",\"publisher\":{\"@id\":\"https:\\\/\\\/www.propertypro.pl\\\/zarzadzanie\\\/#organization\"},\"potentialAction\":[{\"@type\":\"SearchAction\",\"target\":{\"@type\":\"EntryPoint\",\"urlTemplate\":\"https:\\\/\\\/www.propertypro.pl\\\/zarzadzanie\\\/?s={search_term_string}\"},\"query-input\":{\"@type\":\"PropertyValueSpecification\",\"valueRequired\":true,\"valueName\":\"search_term_string\"}}],\"inLanguage\":\"pl-PL\"},{\"@type\":\"Organization\",\"@id\":\"https:\\\/\\\/www.propertypro.pl\\\/zarzadzanie\\\/#organization\",\"name\":\"PropertyPro\",\"url\":\"https:\\\/\\\/www.propertypro.pl\\\/zarzadzanie\\\/\",\"logo\":{\"@type\":\"ImageObject\",\"inLanguage\":\"pl-PL\",\"@id\":\"https:\\\/\\\/www.propertypro.pl\\\/zarzadzanie\\\/#\\\/schema\\\/logo\\\/image\\\/\",\"url\":\"https:\\\/\\\/www.propertypro.pl\\\/zarzadzanie\\\/wp-content\\\/uploads\\\/2024\\\/12\\\/cropped-PP-logo-tylko-domek.png\",\"contentUrl\":\"https:\\\/\\\/www.propertypro.pl\\\/zarzadzanie\\\/wp-content\\\/uploads\\\/2024\\\/12\\\/cropped-PP-logo-tylko-domek.png\",\"width\":512,\"height\":512,\"caption\":\"PropertyPro\"},\"image\":{\"@id\":\"https:\\\/\\\/www.propertypro.pl\\\/zarzadzanie\\\/#\\\/schema\\\/logo\\\/image\\\/\"},\"sameAs\":[\"https:\\\/\\\/www.facebook.com\\\/PropertyProLodz\\\/\"]}]}<\/script>\n<!-- \/ Yoast SEO plugin. -->","yoast_head_json":{"title":"O nas -","robots":{"index":"index","follow":"follow","max-snippet":"max-snippet:-1","max-image-preview":"max-image-preview:large","max-video-preview":"max-video-preview:-1"},"canonical":"https:\/\/www.propertypro.pl\/zarzadzanie\/o_nas\/","og_locale":"pl_PL","og_type":"article","og_title":"Masz mieszkanie na wynajem? Zapraszamy do nas po doch\u00f3d pasywny.","og_description":"Zarz\u0105dzamy najmem mieszka\u0144 od A do Z. Oferujemy szeroki zakres us\u0142ug zwi\u0105zanych z opiek\u0105 nad wynajmem mieszka\u0144 w \u0141odzi .","og_url":"https:\/\/www.propertypro.pl\/zarzadzanie\/o_nas\/","article_publisher":"https:\/\/www.facebook.com\/PropertyProLodz\/","article_modified_time":"2025-09-09T14:05:43+00:00","og_image":[{"width":4603,"height":2413,"url":"https:\/\/www.propertypro.pl\/zarzadzanie\/wp-content\/uploads\/2025\/01\/PP-logo-prostokat-2-FB.png","type":"image\/png"}],"twitter_card":"summary_large_image","twitter_misc":{"Szacowany czas czytania":"4 minuty"},"schema":{"@context":"https:\/\/schema.org","@graph":[{"@type":"WebPage","@id":"https:\/\/www.propertypro.pl\/zarzadzanie\/o_nas\/","url":"https:\/\/www.propertypro.pl\/zarzadzanie\/o_nas\/","name":"O nas -","isPartOf":{"@id":"https:\/\/www.propertypro.pl\/zarzadzanie\/#website"},"primaryImageOfPage":{"@id":"https:\/\/www.propertypro.pl\/zarzadzanie\/o_nas\/#primaryimage"},"image":{"@id":"https:\/\/www.propertypro.pl\/zarzadzanie\/o_nas\/#primaryimage"},"thumbnailUrl":"https:\/\/www.propertypro.pl\/zarzadzanie\/wp-content\/uploads\/2024\/12\/pexels-photo-3778673.jpeg","datePublished":"2024-12-12T15:33:24+00:00","dateModified":"2025-09-09T14:05:43+00:00","breadcrumb":{"@id":"https:\/\/www.propertypro.pl\/zarzadzanie\/o_nas\/#breadcrumb"},"inLanguage":"pl-PL","potentialAction":[{"@type":"ReadAction","target":["https:\/\/www.propertypro.pl\/zarzadzanie\/o_nas\/"]}]},{"@type":"ImageObject","inLanguage":"pl-PL","@id":"https:\/\/www.propertypro.pl\/zarzadzanie\/o_nas\/#primaryimage","url":"https:\/\/www.propertypro.pl\/zarzadzanie\/wp-content\/uploads\/2024\/12\/pexels-photo-3778673.jpeg","contentUrl":"https:\/\/www.propertypro.pl\/zarzadzanie\/wp-content\/uploads\/2024\/12\/pexels-photo-3778673.jpeg"},{"@type":"BreadcrumbList","@id":"https:\/\/www.propertypro.pl\/zarzadzanie\/o_nas\/#breadcrumb","itemListElement":[{"@type":"ListItem","position":1,"name":"Strona g\u0142\u00f3wna","item":"https:\/\/www.propertypro.pl\/zarzadzanie\/"},{"@type":"ListItem","position":2,"name":"O nas"}]},{"@type":"WebSite","@id":"https:\/\/www.propertypro.pl\/zarzadzanie\/#website","url":"https:\/\/www.propertypro.pl\/zarzadzanie\/","name":"Masz mieszkanie na wynajem? Zle\u0107 nam jego zarz\u0105dzanie!","description":"Masz mieszkanie na wynajem? Zle\u0107 nam jego zarz\u0105dzanie!","publisher":{"@id":"https:\/\/www.propertypro.pl\/zarzadzanie\/#organization"},"potentialAction":[{"@type":"SearchAction","target":{"@type":"EntryPoint","urlTemplate":"https:\/\/www.propertypro.pl\/zarzadzanie\/?s={search_term_string}"},"query-input":{"@type":"PropertyValueSpecification","valueRequired":true,"valueName":"search_term_string"}}],"inLanguage":"pl-PL"},{"@type":"Organization","@id":"https:\/\/www.propertypro.pl\/zarzadzanie\/#organization","name":"PropertyPro","url":"https:\/\/www.propertypro.pl\/zarzadzanie\/","logo":{"@type":"ImageObject","inLanguage":"pl-PL","@id":"https:\/\/www.propertypro.pl\/zarzadzanie\/#\/schema\/logo\/image\/","url":"https:\/\/www.propertypro.pl\/zarzadzanie\/wp-content\/uploads\/2024\/12\/cropped-PP-logo-tylko-domek.png","contentUrl":"https:\/\/www.propertypro.pl\/zarzadzanie\/wp-content\/uploads\/2024\/12\/cropped-PP-logo-tylko-domek.png","width":512,"height":512,"caption":"PropertyPro"},"image":{"@id":"https:\/\/www.propertypro.pl\/zarzadzanie\/#\/schema\/logo\/image\/"},"sameAs":["https:\/\/www.facebook.com\/PropertyProLodz\/"]}]}},"uagb_featured_image_src":{"full":false,"thumbnail":false,"medium":false,"medium_large":false,"large":false,"1536x1536":false,"2048x2048":false},"uagb_author_info":{"display_name":"admin","author_link":"https:\/\/www.propertypro.pl\/zarzadzanie\/blog\/author\/admin\/"},"uagb_comment_info":0,"uagb_excerpt":"Profesjonalna opieka nad wynajmem mieszka\u0144 w \u0141odzi &#8211; PropertyPro &#8211;Tw\u00f3j partner w zarz\u0105dzaniu nieruchomo\u015bciami PropertyPro to marka \u0142\u0105cz\u0105ca dwa filary [&hellip;]","_links":{"self":[{"href":"https:\/\/www.propertypro.pl\/zarzadzanie\/wp-json\/wp\/v2\/pages\/1125","targetHints":{"allow":["GET"]}}],"collection":[{"href":"https:\/\/www.propertypro.pl\/zarzadzanie\/wp-json\/wp\/v2\/pages"}],"about":[{"href":"https:\/\/www.propertypro.pl\/zarzadzanie\/wp-json\/wp\/v2\/types\/page"}],"author":[{"embeddable":true,"href":"https:\/\/www.propertypro.pl\/zarzadzanie\/wp-json\/wp\/v2\/users\/1"}],"replies":[{"embeddable":true,"href":"https:\/\/www.propertypro.pl\/zarzadzanie\/wp-json\/wp\/v2\/comments?post=1125"}],"version-history":[{"count":37,"href":"https:\/\/www.propertypro.pl\/zarzadzanie\/wp-json\/wp\/v2\/pages\/1125\/revisions"}],"predecessor-version":[{"id":1849,"href":"https:\/\/www.propertypro.pl\/zarzadzanie\/wp-json\/wp\/v2\/pages\/1125\/revisions\/1849"}],"wp:attachment":[{"href":"https:\/\/www.propertypro.pl\/zarzadzanie\/wp-json\/wp\/v2\/media?parent=1125"}],"curies":[{"name":"wp","href":"https:\/\/api.w.org\/{rel}","templated":true}]}}