{"id":1352,"date":"2024-12-14T17:05:20","date_gmt":"2024-12-14T17:05:20","guid":{"rendered":"https:\/\/www.propertypro.pl\/zarzadzanie\/?page_id=1352"},"modified":"2025-05-16T15:33:15","modified_gmt":"2025-05-16T15:33:15","slug":"rodo","status":"publish","type":"page","link":"https:\/\/www.propertypro.pl\/zarzadzanie\/rodo\/","title":{"rendered":"RODO"},"content":{"rendered":"\n<div class=\"wp-block-uagb-container uagb-block-4902463a alignfull uagb-is-root-container\"><div class=\"uagb-container-inner-blocks-wrap\">\n<div class=\"wp-block-uagb-advanced-heading uagb-block-a651693a\"><div class=\"uagb-separator\"><\/div><h1 class=\"uagb-heading-text\">RODO<\/h1><\/div>\n<\/div><\/div>\n\n\n\n<div class=\"wp-block-uagb-container uagb-block-757d3272 alignfull uagb-is-root-container\"><div class=\"uagb-container-inner-blocks-wrap\">\n<p><\/p>\n<\/div><\/div>\n\n\n\n<div class=\"wp-block-uagb-container uagb-block-7fb46f86 alignfull uagb-is-root-container\"><div class=\"uagb-container-inner-blocks-wrap\">\n<p class=\"has-text-align-left\">Zgodnie z rozporz\u0105dzeniem Parlamentu Europejskiego i Rady (UE) 2016\/679 z dnia 27 kwietnia 2016 r. w sprawie ochrony os\u00f3b fizycznych w zwi\u0105zku z przetwarzaniem danych osobowych i w sprawie swobodnego przep\u0142ywu takich danych oraz uchylenia dyrektywy 95\/46\/WE (og\u00f3lne rozporz\u0105dzenie o ochronie danych), informujemy, \u017ce administratorem Twoich danych osobowych jest w\u0142a\u015bciciel marki PropertyPro, sp\u00f3\u0142ka Dobry Wynajem sp. z o.o. z siedzib\u0105 w \u0141odzi przy ul. Wojska Polskiego 108A jest wpisana do rejestru przedsi\u0119biorc\u00f3w prowadzonego przez S\u0105d Rejonowy dla \u0141odzi-\u015ar\u00f3dmie\u015bcie w \u0141odzi, XX Wydzia\u0142 Gospodarczy Krajowego Rejestru S\u0105dowego pod numerem KRS: 0000969379, NIP: 7010985691, REGON: 386233506.<\/p>\n\n\n\n<p>Podanie przez Ciebie danych osobowych poprzez nasz\u0105 stron\u0119 www nie jest obowi\u0105zkowe, jednak jest nam niezb\u0119dne do komunikacji z Tob\u0105. W przypadku, je\u015bli nie wyra\u017casz zgody na ich podanie nie b\u0119dziemy mogli odpowiedzie\u0107 na Twoje pytania. Zapewniamy, \u017ce Twoje dane nie b\u0119d\u0105 profilowane, przekazane do pa\u0144stwa trzeciego oraz organizacji mi\u0119dzynarodowej, nie b\u0119dziemy ich r\u00f3wnie\u017c wykorzystywa\u0107 w celach marketingowych.<\/p>\n\n\n\n<p>Twoje dane osobowe przetwarzane s\u0105 w celu prowadzenia z Tob\u0105 wszelkiej korespondencji, przyjmowania zapyta\u0144 i udzielania odpowiedzi. Podstaw\u0119 przetwarzania Twoich danych osobowych stanowi art. 6 ust. 1 lit. c) i f) RODO, kt\u00f3ry m\u00f3wi, \u017ce dane te przetwarzamy w celu uzasadnionych spraw realizowanych przez nasz\u0105 firm\u0119 oraz w skrajnym przypadku, gdy prawnie zostaniemy do tego zobligowani.<\/p>\n\n\n\n<p>Zapewniamy, \u017ce przetwarzamy tylko te dane, kt\u00f3re s\u0105 nam niezb\u0119dne do realizacji naszych dzia\u0142a\u0144. Do\u0142o\u017cyli\u015bmy wszelkich stara\u0144, aby przetwarzanie by\u0142o bezpieczne. Wdro\u017cyli\u015bmy m.in. szyfrowanie naszej strony www, aby Twoje dane bezpieczenie do nas dotar\u0142y.<\/p>\n\n\n\n<p>By\u0107 mo\u017ce dane te b\u0119dziemy przekazywa\u0107 do firm, kt\u00f3re \u015bwiadcz\u0105 us\u0142ugi dor\u0119cze\u0144 (czyli np. Poczta Polska, DHL, DPD, InPost lub inne), naszego biura ksi\u0119gowego lub innych naszych zaufanych partner\u00f3w. Je\u015bli zaistnieje taka potrzeba b\u0119dziemy musieli przekaza\u0107 je r\u00f3wnie\u017c do podmiot\u00f3w uprawnionych do ich otrzymywania na mocy przepis\u00f3w prawa.<\/p>\n\n\n\n<p>Twoje dane przechowujemy najkr\u00f3cej jak jest to mo\u017cliwe, jednak czas ten zale\u017cy od charakteru sprawy, np. w przypadku reklamacji lub roszcze\u0144 do czasu, kiedy dane te jeste\u015bmy zobligowani przechowywa\u0107.<\/p>\n\n\n\n<p>Na podstawie przepis\u00f3w RODO przys\u0142uguje Ci prawo do dost\u0119pu do Twoich danych osobowych, ich sprostowania je\u015bli s\u0105 niepoprawne lub nieprawdziwe, ograniczania lub sprzeciwu wobec ich przetwarzania, \u017c\u0105dania ich usuni\u0119cia, gdy przetwarzanie nie nast\u0119puje w celu wywi\u0105zania si\u0119 z obowi\u0105zku wynikaj\u0105cego z przepisu prawa.<\/p>\n\n\n\n<p>Musimy Ci\u0119 jeszcze poinformowa\u0107, \u017ce zawsze mo\u017cesz wnie\u015b\u0107 skarg\u0119 do organu nadzorczego, kt\u00f3rym jest Prezes Urz\u0119du Ochrony Danych Osobowych.<\/p>\n\n\n\n<p class=\"has-text-align-left\">Je\u015bli masz jakiekolwiek pytania lub w\u0105tpliwo\u015bci zwi\u0105zane z prowadzon\u0105 przez nas ochron\u0105 danych osobowych skontaktuj si\u0119 bezpo\u015brednio z nami:<br>ul. Wojska Polskiego 108A, 91-743 \u0141\u00f3d\u017a<br>tel.: +48 42 670 2099<br>e-mail: rodo@propertypro.pl<\/p>\n<\/div><\/div>\n\n\n\n<p><\/p>\n\n\n\n<div class=\"wp-block-uagb-container uagb-block-804a406b alignfull uagb-is-root-container\"><div class=\"uagb-container-inner-blocks-wrap\">\n<div class=\"wp-block-uagb-info-box uagb-block-fd4425a9 uagb-infobox__content-wrap  uagb-infobox-icon-above-title uagb-infobox-image-valign-top wp-block-uagb-info-box--has-margin\"><div class=\"uagb-infobox-margin-wrapper\"><div class=\"uagb-ifb-content\"><div class=\"uagb-ifb-title-wrap\"><div class=\"uagb-ifb-separator\"><\/div><h2 class=\"uagb-ifb-title\">Zacznij z nami wsp\u00f3\u0142prac\u0119 jeszcze dzisiaj!<\/h2><\/div><p class=\"uagb-ifb-desc\">Skontaktuj si\u0119 z nami, aby dowiedzie\u0107 si\u0119 wi\u0119cej o zarz\u0105dzaniu wynajmem mieszka\u0144.<\/p><div class=\"uagb-ifb-button-wrapper wp-block-button\"><a href=\"\/zarzadzanie\/kontakt\/\" class=\"uagb-infobox-cta-link wp-block-button__link\" target=\"_self\" rel=\"noopener noreferrer\" onclick=\"return true;\"><svg xmlns=\"https:\/\/www.w3.org\/2000\/svg\" viewBox=\"0 0 512 512\"><path d=\"M502.6 278.6l-128 128c-12.51 12.51-32.76 12.49-45.25 0c-12.5-12.5-12.5-32.75 0-45.25L402.8 288H32C14.31 288 0 273.7 0 255.1S14.31 224 32 224h370.8l-73.38-73.38c-12.5-12.5-12.5-32.75 0-45.25s32.75-12.5 45.25 0l128 128C515.1 245.9 515.1 266.1 502.6 278.6z\"><\/path><\/svg><span class=\"uagb-inline-editing\">Skontaktuj si\u0119 z nami<\/span><\/a><\/div><\/div><\/div><\/div>\n<\/div><\/div>\n","protected":false},"excerpt":{"rendered":"<p>RODO Zgodnie z rozporz\u0105dzeniem Parlamentu Europejskiego i Rady (UE) 2016\/679 z dnia 27 kwietnia 2016 r. w sprawie ochrony os\u00f3b [&hellip;]<\/p>\n","protected":false},"author":1,"featured_media":0,"parent":0,"menu_order":0,"comment_status":"closed","ping_status":"closed","template":"","meta":{"_uag_custom_page_level_css":"","site-sidebar-layout":"default","site-content-layout":"","ast-site-content-layout":"default","site-content-style":"default","site-sidebar-style":"default","ast-global-header-display":"","ast-banner-title-visibility":"","ast-main-header-display":"","ast-hfb-above-header-display":"","ast-hfb-below-header-display":"","ast-hfb-mobile-header-display":"","site-post-title":"disabled","ast-breadcrumbs-content":"","ast-featured-img":"","footer-sml-layout":"","ast-disable-related-posts":"","theme-transparent-header-meta":"","adv-header-id-meta":"","stick-header-meta":"","header-above-stick-meta":"","header-main-stick-meta":"","header-below-stick-meta":"","astra-migrate-meta-layouts":"default","ast-page-background-enabled":"default","ast-page-background-meta":{"desktop":{"background-color":"var(--ast-global-color-4)","background-image":"","background-repeat":"repeat","background-position":"center center","background-size":"auto","background-attachment":"scroll","background-type":"","background-media":"","overlay-type":"","overlay-color":"","overlay-opacity":"","overlay-gradient":""},"tablet":{"background-color":"","background-image":"","background-repeat":"repeat","background-position":"center center","background-size":"auto","background-attachment":"scroll","background-type":"","background-media":"","overlay-type":"","overlay-color":"","overlay-opacity":"","overlay-gradient":""},"mobile":{"background-color":"","background-image":"","background-repeat":"repeat","background-position":"center center","background-size":"auto","background-attachment":"scroll","background-type":"","background-media":"","overlay-type":"","overlay-color":"","overlay-opacity":"","overlay-gradient":""}},"ast-content-background-meta":{"desktop":{"background-color":"var(--ast-global-color-5)","background-image":"","background-repeat":"repeat","background-position":"center center","background-size":"auto","background-attachment":"scroll","background-type":"","background-media":"","overlay-type":"","overlay-color":"","overlay-opacity":"","overlay-gradient":""},"tablet":{"background-color":"var(--ast-global-color-5)","background-image":"","background-repeat":"repeat","background-position":"center center","background-size":"auto","background-attachment":"scroll","background-type":"","background-media":"","overlay-type":"","overlay-color":"","overlay-opacity":"","overlay-gradient":""},"mobile":{"background-color":"var(--ast-global-color-5)","background-image":"","background-repeat":"repeat","background-position":"center center","background-size":"auto","background-attachment":"scroll","background-type":"","background-media":"","overlay-type":"","overlay-color":"","overlay-opacity":"","overlay-gradient":""}},"footnotes":""},"class_list":["post-1352","page","type-page","status-publish","hentry"],"yoast_head":"<!-- This site is optimized with the Yoast SEO plugin v27.6 - https:\/\/yoast.com\/product\/yoast-seo-wordpress\/ -->\n<title>RODO -<\/title>\n<meta name=\"robots\" content=\"index, follow, max-snippet:-1, max-image-preview:large, max-video-preview:-1\" \/>\n<link rel=\"canonical\" href=\"https:\/\/www.propertypro.pl\/zarzadzanie\/rodo\/\" \/>\n<meta property=\"og:locale\" content=\"pl_PL\" \/>\n<meta property=\"og:type\" content=\"article\" \/>\n<meta property=\"og:title\" content=\"Masz mieszkanie na wynajem? Zapraszamy do nas po doch\u00f3d pasywny.\" \/>\n<meta property=\"og:description\" content=\"Zarz\u0105dzamy najmem mieszka\u0144 od A do Z. Oferujemy szeroki zakres us\u0142ug zwi\u0105zanych z opiek\u0105 nad wynajmem mieszka\u0144 w \u0141odzi .\" \/>\n<meta property=\"og:url\" content=\"https:\/\/www.propertypro.pl\/zarzadzanie\/rodo\/\" \/>\n<meta property=\"article:publisher\" content=\"https:\/\/www.facebook.com\/PropertyProLodz\/\" \/>\n<meta property=\"article:modified_time\" content=\"2025-05-16T15:33:15+00:00\" \/>\n<meta property=\"og:image\" content=\"https:\/\/www.propertypro.pl\/zarzadzanie\/wp-content\/uploads\/2025\/01\/PP-logo-prostokat-2-FB.png\" \/>\n\t<meta property=\"og:image:width\" content=\"4603\" \/>\n\t<meta property=\"og:image:height\" content=\"2413\" \/>\n\t<meta property=\"og:image:type\" content=\"image\/png\" \/>\n<meta name=\"twitter:card\" content=\"summary_large_image\" \/>\n<meta name=\"twitter:label1\" content=\"Szacowany czas czytania\" \/>\n\t<meta name=\"twitter:data1\" content=\"5 minut\" \/>\n<script type=\"application\/ld+json\" class=\"yoast-schema-graph\">{\"@context\":\"https:\\\/\\\/schema.org\",\"@graph\":[{\"@type\":\"WebPage\",\"@id\":\"https:\\\/\\\/www.propertypro.pl\\\/zarzadzanie\\\/rodo\\\/\",\"url\":\"https:\\\/\\\/www.propertypro.pl\\\/zarzadzanie\\\/rodo\\\/\",\"name\":\"RODO -\",\"isPartOf\":{\"@id\":\"https:\\\/\\\/www.propertypro.pl\\\/zarzadzanie\\\/#website\"},\"datePublished\":\"2024-12-14T17:05:20+00:00\",\"dateModified\":\"2025-05-16T15:33:15+00:00\",\"breadcrumb\":{\"@id\":\"https:\\\/\\\/www.propertypro.pl\\\/zarzadzanie\\\/rodo\\\/#breadcrumb\"},\"inLanguage\":\"pl-PL\",\"potentialAction\":[{\"@type\":\"ReadAction\",\"target\":[\"https:\\\/\\\/www.propertypro.pl\\\/zarzadzanie\\\/rodo\\\/\"]}]},{\"@type\":\"BreadcrumbList\",\"@id\":\"https:\\\/\\\/www.propertypro.pl\\\/zarzadzanie\\\/rodo\\\/#breadcrumb\",\"itemListElement\":[{\"@type\":\"ListItem\",\"position\":1,\"name\":\"Strona g\u0142\u00f3wna\",\"item\":\"https:\\\/\\\/www.propertypro.pl\\\/zarzadzanie\\\/\"},{\"@type\":\"ListItem\",\"position\":2,\"name\":\"RODO\"}]},{\"@type\":\"WebSite\",\"@id\":\"https:\\\/\\\/www.propertypro.pl\\\/zarzadzanie\\\/#website\",\"url\":\"https:\\\/\\\/www.propertypro.pl\\\/zarzadzanie\\\/\",\"name\":\"Masz mieszkanie na wynajem? Zle\u0107 nam jego zarz\u0105dzanie!\",\"description\":\"Masz mieszkanie na wynajem? Zle\u0107 nam jego zarz\u0105dzanie!\",\"publisher\":{\"@id\":\"https:\\\/\\\/www.propertypro.pl\\\/zarzadzanie\\\/#organization\"},\"potentialAction\":[{\"@type\":\"SearchAction\",\"target\":{\"@type\":\"EntryPoint\",\"urlTemplate\":\"https:\\\/\\\/www.propertypro.pl\\\/zarzadzanie\\\/?s={search_term_string}\"},\"query-input\":{\"@type\":\"PropertyValueSpecification\",\"valueRequired\":true,\"valueName\":\"search_term_string\"}}],\"inLanguage\":\"pl-PL\"},{\"@type\":\"Organization\",\"@id\":\"https:\\\/\\\/www.propertypro.pl\\\/zarzadzanie\\\/#organization\",\"name\":\"PropertyPro\",\"url\":\"https:\\\/\\\/www.propertypro.pl\\\/zarzadzanie\\\/\",\"logo\":{\"@type\":\"ImageObject\",\"inLanguage\":\"pl-PL\",\"@id\":\"https:\\\/\\\/www.propertypro.pl\\\/zarzadzanie\\\/#\\\/schema\\\/logo\\\/image\\\/\",\"url\":\"https:\\\/\\\/www.propertypro.pl\\\/zarzadzanie\\\/wp-content\\\/uploads\\\/2024\\\/12\\\/cropped-PP-logo-tylko-domek.png\",\"contentUrl\":\"https:\\\/\\\/www.propertypro.pl\\\/zarzadzanie\\\/wp-content\\\/uploads\\\/2024\\\/12\\\/cropped-PP-logo-tylko-domek.png\",\"width\":512,\"height\":512,\"caption\":\"PropertyPro\"},\"image\":{\"@id\":\"https:\\\/\\\/www.propertypro.pl\\\/zarzadzanie\\\/#\\\/schema\\\/logo\\\/image\\\/\"},\"sameAs\":[\"https:\\\/\\\/www.facebook.com\\\/PropertyProLodz\\\/\"]}]}<\/script>\n<!-- \/ Yoast SEO plugin. -->","yoast_head_json":{"title":"RODO -","robots":{"index":"index","follow":"follow","max-snippet":"max-snippet:-1","max-image-preview":"max-image-preview:large","max-video-preview":"max-video-preview:-1"},"canonical":"https:\/\/www.propertypro.pl\/zarzadzanie\/rodo\/","og_locale":"pl_PL","og_type":"article","og_title":"Masz mieszkanie na wynajem? Zapraszamy do nas po doch\u00f3d pasywny.","og_description":"Zarz\u0105dzamy najmem mieszka\u0144 od A do Z. Oferujemy szeroki zakres us\u0142ug zwi\u0105zanych z opiek\u0105 nad wynajmem mieszka\u0144 w \u0141odzi .","og_url":"https:\/\/www.propertypro.pl\/zarzadzanie\/rodo\/","article_publisher":"https:\/\/www.facebook.com\/PropertyProLodz\/","article_modified_time":"2025-05-16T15:33:15+00:00","og_image":[{"width":4603,"height":2413,"url":"https:\/\/www.propertypro.pl\/zarzadzanie\/wp-content\/uploads\/2025\/01\/PP-logo-prostokat-2-FB.png","type":"image\/png"}],"twitter_card":"summary_large_image","twitter_misc":{"Szacowany czas czytania":"5 minut"},"schema":{"@context":"https:\/\/schema.org","@graph":[{"@type":"WebPage","@id":"https:\/\/www.propertypro.pl\/zarzadzanie\/rodo\/","url":"https:\/\/www.propertypro.pl\/zarzadzanie\/rodo\/","name":"RODO -","isPartOf":{"@id":"https:\/\/www.propertypro.pl\/zarzadzanie\/#website"},"datePublished":"2024-12-14T17:05:20+00:00","dateModified":"2025-05-16T15:33:15+00:00","breadcrumb":{"@id":"https:\/\/www.propertypro.pl\/zarzadzanie\/rodo\/#breadcrumb"},"inLanguage":"pl-PL","potentialAction":[{"@type":"ReadAction","target":["https:\/\/www.propertypro.pl\/zarzadzanie\/rodo\/"]}]},{"@type":"BreadcrumbList","@id":"https:\/\/www.propertypro.pl\/zarzadzanie\/rodo\/#breadcrumb","itemListElement":[{"@type":"ListItem","position":1,"name":"Strona g\u0142\u00f3wna","item":"https:\/\/www.propertypro.pl\/zarzadzanie\/"},{"@type":"ListItem","position":2,"name":"RODO"}]},{"@type":"WebSite","@id":"https:\/\/www.propertypro.pl\/zarzadzanie\/#website","url":"https:\/\/www.propertypro.pl\/zarzadzanie\/","name":"Masz mieszkanie na wynajem? Zle\u0107 nam jego zarz\u0105dzanie!","description":"Masz mieszkanie na wynajem? Zle\u0107 nam jego zarz\u0105dzanie!","publisher":{"@id":"https:\/\/www.propertypro.pl\/zarzadzanie\/#organization"},"potentialAction":[{"@type":"SearchAction","target":{"@type":"EntryPoint","urlTemplate":"https:\/\/www.propertypro.pl\/zarzadzanie\/?s={search_term_string}"},"query-input":{"@type":"PropertyValueSpecification","valueRequired":true,"valueName":"search_term_string"}}],"inLanguage":"pl-PL"},{"@type":"Organization","@id":"https:\/\/www.propertypro.pl\/zarzadzanie\/#organization","name":"PropertyPro","url":"https:\/\/www.propertypro.pl\/zarzadzanie\/","logo":{"@type":"ImageObject","inLanguage":"pl-PL","@id":"https:\/\/www.propertypro.pl\/zarzadzanie\/#\/schema\/logo\/image\/","url":"https:\/\/www.propertypro.pl\/zarzadzanie\/wp-content\/uploads\/2024\/12\/cropped-PP-logo-tylko-domek.png","contentUrl":"https:\/\/www.propertypro.pl\/zarzadzanie\/wp-content\/uploads\/2024\/12\/cropped-PP-logo-tylko-domek.png","width":512,"height":512,"caption":"PropertyPro"},"image":{"@id":"https:\/\/www.propertypro.pl\/zarzadzanie\/#\/schema\/logo\/image\/"},"sameAs":["https:\/\/www.facebook.com\/PropertyProLodz\/"]}]}},"uagb_featured_image_src":{"full":false,"thumbnail":false,"medium":false,"medium_large":false,"large":false,"1536x1536":false,"2048x2048":false},"uagb_author_info":{"display_name":"admin","author_link":"https:\/\/www.propertypro.pl\/zarzadzanie\/blog\/author\/admin\/"},"uagb_comment_info":0,"uagb_excerpt":"RODO Zgodnie z rozporz\u0105dzeniem Parlamentu Europejskiego i Rady (UE) 2016\/679 z dnia 27 kwietnia 2016 r. w sprawie ochrony os\u00f3b [&hellip;]","_links":{"self":[{"href":"https:\/\/www.propertypro.pl\/zarzadzanie\/wp-json\/wp\/v2\/pages\/1352","targetHints":{"allow":["GET"]}}],"collection":[{"href":"https:\/\/www.propertypro.pl\/zarzadzanie\/wp-json\/wp\/v2\/pages"}],"about":[{"href":"https:\/\/www.propertypro.pl\/zarzadzanie\/wp-json\/wp\/v2\/types\/page"}],"author":[{"embeddable":true,"href":"https:\/\/www.propertypro.pl\/zarzadzanie\/wp-json\/wp\/v2\/users\/1"}],"replies":[{"embeddable":true,"href":"https:\/\/www.propertypro.pl\/zarzadzanie\/wp-json\/wp\/v2\/comments?post=1352"}],"version-history":[{"count":3,"href":"https:\/\/www.propertypro.pl\/zarzadzanie\/wp-json\/wp\/v2\/pages\/1352\/revisions"}],"predecessor-version":[{"id":1768,"href":"https:\/\/www.propertypro.pl\/zarzadzanie\/wp-json\/wp\/v2\/pages\/1352\/revisions\/1768"}],"wp:attachment":[{"href":"https:\/\/www.propertypro.pl\/zarzadzanie\/wp-json\/wp\/v2\/media?parent=1352"}],"curies":[{"name":"wp","href":"https:\/\/api.w.org\/{rel}","templated":true}]}}